{"id":124,"date":"2022-09-22T12:03:36","date_gmt":"2022-09-22T12:03:36","guid":{"rendered":"https:\/\/octoberstockholm.itrak.se\/varukorg\/"},"modified":"2024-07-03T10:51:51","modified_gmt":"2024-07-03T10:51:51","slug":"varukorg","status":"publish","type":"page","link":"https:\/\/octoberstockholm.itrak.se\/en_us\/varukorg\/","title":{"rendered":"Varukorg"},"content":{"rendered":"<div class=\"wp-block-group cart-box-extra\"><div class=\"wp-block-group__inner-container is-layout-constrained wp-block-group-is-layout-constrained\"><div class=\"w-100 discounting\">\n<h2>F\u00e5 50% rabatt<\/h2>\n<p>Din varukorg \u00f6verstiger 300 kr &#8211; v\u00e4lj en Colour Reboot till 50% rabatt. Anv\u00e4nd rabattkoden &#8220;REBOOT&#8221;<\/p>\n<\/div>\n\n<div data-align-buttons=\"true\" data-block-name=\"woocommerce\/handpicked-products\" data-columns=\"2\" data-products=\"[34607]\" class=\"wc-block-grid wp-block-handpicked-products wc-block-handpicked-products has-2-columns has-multiple-rows has-aligned-buttons\"><ul class=\"wc-block-grid__products\"><li class=\"wc-block-grid__product product-grid\">\n\t\t\t\t<div class=\"loop-image-wrap botiga-add-to-cart-button-layout2 botiga-quick-view-button-layout3\">\n\t\t\t\t\t<a href=\"https:\/\/octoberstockholm.itrak.se\/en_us\/produkter\/harfarg\/blekning\/colour-reboot\/\" class=\"wc-block-grid__product-link\" title=\"Add to cart\" data-no-translation-title=\"\">\n\t\t\t\t\t\t<div class=\"wc-block-grid__product-image\"><img loading=\"lazy\" decoding=\"async\" width=\"420\" height=\"560\" src=\"https:\/\/octoberstockholm.itrak.se\/wp-content\/uploads\/reboot-420x560.png\" class=\"attachment-woocommerce_thumbnail size-woocommerce_thumbnail\" alt=\"COLOUR REBOOT\" srcset=\"https:\/\/octoberstockholm.itrak.se\/wp-content\/uploads\/reboot-420x560.png 420w, https:\/\/octoberstockholm.itrak.se\/wp-content\/uploads\/reboot-8x12.png 8w\" sizes=\"(max-width: 420px) 100vw, 420px\" itemprop=\"image\" \/><\/div>\n\t\t\t\t\t<\/a>\n\t<a href=\"#\" class=\"button botiga-quick-view-show-on-hover botiga-quick-view botiga-quick-view-layout3\" aria-label=\"Quick view the COLOUR REBOOT product\" data-product-id=\"34607\" data-nonce=\"cf47ab005b\">\n\t\tQuick View\t<\/a>\n\t<\/div><a href=\"https:\/\/octoberstockholm.itrak.se\/en_us\/produkter\/harfarg\/blekning\/colour-reboot\/\" class=\"wc-block-grid__product-link\">\n\t\t\t\t\t<div class=\"wc-block-grid__product-title\">COLOUR REBOOT<\/div>\n\t\t\t\t<\/a><div class=\"wc-block-grid__product-price price\"><span class=\"woocommerce-Price-amount amount\">129&nbsp;<span class=\"woocommerce-Price-currencySymbol\">&#107;&#114;<\/span><\/span><\/div><div class=\"wp-block-button wc-block-grid__product-add-to-cart\"><div class=\"loop-button-wrap button-width-full button-layout2\"><a href=\"?add-to-cart=34607\" aria-label=\"Add to cart: \u201cCOLOUR REBOOT\u201d\" data-quantity=\"1\" data-product_id=\"34607\" data-product_sku=\"TC100075\" rel=\"nofollow\" class=\"button wp-block-button__link add_to_cart_button ajax_add_to_cart\" data-no-translation=\"\" data-trp-gettext=\"\" data-no-translation-aria-label=\"\">Add to cart<\/a><\/div><\/div><\/li><\/ul><\/div><\/div><\/div><div style=\"height:44px\" aria-hidden=\"true\" class=\"wp-block-spacer\"><\/div><div class=\"membership-wrap\">\n<div class=\"w-50 member-info\"> \n<h2>&nbsp;BLI MEDLEM!<\/h2>\n<p>&#8211; Medlemskampanjer &#038; rabatter<\/p>\n<p>&#8211; Se tidigare best\u00e4llningar<\/p>\n<p>&#8211; Kostnadsfritt medlemsskap<\/p>\n<\/div>\n<div class=\"w-50 btn-membership\"> \n<a href=\"\">BLI MEDLEM KOSTNADSFRITT<\/a>\n<\/div>\n<\/div><p class=\"free-deliverance\">Gratis fraktalternativ finns vid best\u00e4llning \u00f6ver 500 kr.<\/p>","protected":false},"excerpt":{"rendered":"<p>F\u00e5 50% rabatt Din varukorg \u00f6verstiger 300 kr &#8211; v\u00e4lj en Colour Reboot till 50% rabatt. Anv\u00e4nd rabattkoden &#8220;REBOOT&#8221; &nbsp;BLI MEDLEM! &#8211; Medlemskampanjer &#038; rabatter &#8211; Se tidigare best\u00e4llningar &#8211; [&hellip;]<\/p>","protected":false},"author":2,"featured_media":0,"parent":0,"menu_order":0,"comment_status":"closed","ping_status":"closed","template":"","meta":{"footnotes":""},"class_list":["post-124","page","type-page","status-publish","hentry"],"_links":{"self":[{"href":"https:\/\/octoberstockholm.itrak.se\/en_us\/wp-json\/wp\/v2\/pages\/124"}],"collection":[{"href":"https:\/\/octoberstockholm.itrak.se\/en_us\/wp-json\/wp\/v2\/pages"}],"about":[{"href":"https:\/\/octoberstockholm.itrak.se\/en_us\/wp-json\/wp\/v2\/types\/page"}],"author":[{"embeddable":true,"href":"https:\/\/octoberstockholm.itrak.se\/en_us\/wp-json\/wp\/v2\/users\/2"}],"replies":[{"embeddable":true,"href":"https:\/\/octoberstockholm.itrak.se\/en_us\/wp-json\/wp\/v2\/comments?post=124"}],"version-history":[{"count":0,"href":"https:\/\/octoberstockholm.itrak.se\/en_us\/wp-json\/wp\/v2\/pages\/124\/revisions"}],"wp:attachment":[{"href":"https:\/\/octoberstockholm.itrak.se\/en_us\/wp-json\/wp\/v2\/media?parent=124"}],"curies":[{"name":"wp","href":"https:\/\/api.w.org\/{rel}","templated":true}]}}