{"id":127,"date":"2024-04-22T09:46:42","date_gmt":"2024-04-22T09:46:42","guid":{"rendered":"https:\/\/octoberstockholm.itrak.se\/?page_id=127"},"modified":"2024-09-11T13:57:09","modified_gmt":"2024-09-11T13:57:09","slug":"aterbetalnings-och-returpolicy","status":"publish","type":"page","link":"https:\/\/octoberstockholm.itrak.se\/en_us\/aterbetalnings-och-returpolicy\/","title":{"rendered":"\u00c5terbetalnings- och returpolicy"},"content":{"rendered":"<p><strong>EXCHANGE, RIGHT OF WITHDRAWAL AND COMPLAINT<br><\/strong>Retur kan g\u00f6ras genom att varan skickas till v\u00e5rt e-handelslager.<br>Returadressen \u00e4r:<br>OCT October Colour Technologies AB<br>K\u00f6pmanbergsv\u00e4gen 20<br>824 50\u00a0 HUDIKSVALL<br>Sweden<\/p><p><br>OCT October Colour Technologies AB ansvarar inte f\u00f6r varan under den tid som den skickas tillbaka till<br>oss fr\u00e5n kund med anledning av \u00e5ngerr\u00e4tt eller reklamation.<\/p><p><br><strong>EXCHANGE<br><\/strong>Som kund har du r\u00e4tt att byta best\u00e4lld vara inom 14 dagar efter att du mottagit varan*.<br>Bytet kan ske hos OCT October Colour Technologies AB e-handel och du f\u00e5r d\u00e5 ut\u00f6va din \u00e5ngerr\u00e4tt. F\u00f6r<br>att byta varan mot en annan vara skall den \u00e5terl\u00e4mnas oanv\u00e4nd, i oskadat skick.<br>*F\u00f6r julhandeln g\u00e4ller f\u00f6rl\u00e4ngd bytesr\u00e4tt t.o.m. 23 januari p\u00e5 k\u00f6p genomf\u00f6rda mellan 14<br>november t.o.m 24 december.<\/p><p><br><strong>RIGHT OF WITHDRAWAL<br><\/strong>Du har alltid r\u00e4tt att \u00e5ngra din best\u00e4llning inom 14 dagar* vid k\u00f6p p\u00e5 OCT October Colour Technologies AB e-handel. \u00c5ngerperioden r\u00e4knas fr\u00e5n det datum d\u00e5 du eller n\u00e5gon av dig angiven person<br>mottog den sista varan\/varorna i din best\u00e4llning. Fr\u00e5n \u00e5ngerr\u00e4tten undantas vissa<br>produkter. P\u00e5 grund av h\u00e4lso- och hygiensk\u00e4l omfattas inte produkter som med bruten<br>f\u00f6rsegling inte l\u00e4mpligen kan \u00e5terl\u00e4mnas om f\u00f6rseglingen eller originalf\u00f6rpackning har<br>brutits av konsumenten, t.ex. om kunden har brutit emballage eller annan plombering av<br>produkten.<\/p><p>*F\u00f6r julhandeln g\u00e4ller f\u00f6rl\u00e4ngd \u00e5ngerr\u00e4tt t.o.m. 23 januari p\u00e5 k\u00f6p genomf\u00f6rda mellan 14<br>november t.o.m 24 december.<\/p><p><br><strong>USE OF RIGHT OF WITHDRAWAL<br><\/strong>Enklaste s\u00e4ttet att \u00e5ngra en vara \u00e4r att v\u00e4nda sig till oss via epost order@octoberstockholm.com<br>. Om du ist\u00e4llet vill skicka tillbaka varan till e-handel v\u00e4nligen kontakta<br>alltid v\u00e5r kundservice per telefon eller e-post, se kontaktuppgifter ovan,<br>innan du returnerar varan. Om du vill kan du anv\u00e4nda den standardblankett f\u00f6r ut\u00f6vande<br>av \u00e5ngerr\u00e4tt som Konsumentverket tagit fram (se \u00c5ngerblankett).<\/p><p><br>Om du v\u00e4ljer att skicka tillbaka produkten ska produkten skickas till OCT October Colour Technologies AB<br>inom 14 dagar r\u00e4knat fr\u00e5n det datum du meddelade oss att du \u00e5ngrar dig.<br>Senast 14 dagar efter det att vi blev informerade om ditt beslut att \u00e5ngra din best\u00e4llning<br>f\u00e5r du din \u00e5terbetalning. Vi kommer att anv\u00e4nda oss av samma betalningss\u00e4tt som du<br>anv\u00e4nde vid din best\u00e4llning om du inte uttryckligen g\u00e5r med p\u00e5 n\u00e5got annat. Detta<br>kommer inte att medf\u00f6ra n\u00e5gra extra avgifter f\u00f6r dig. Vi har r\u00e4tt att avvakta med<br>\u00e5terbetalningen till dess att vi har mottagit varorna eller du har tillhandah\u00e5llit bevis p\u00e5 att<br>du har skickat tillbaka varorna, vilket som \u00e4n intr\u00e4ffar f\u00f6rst.<\/p><p><br><strong>GIFTS AND PRODUCT SAMPLES WHEN PURCHASING<br><\/strong>Vid retur av k\u00f6pta produkter ska g\u00e5vor och varuprover, som har erh\u00e5llits med anledning av kundens k\u00f6p, ocks\u00e5 returneras av kunden.<\/p>","protected":false},"excerpt":{"rendered":"<p>BYTE, \u00c5NGERR\u00c4TT OCH REKLAMATIONRetur kan g\u00f6ras genom att varan skickas till v\u00e5rt e-handelslager.Returadressen \u00e4r:OCT October Colour Technologies ABK\u00f6pmanbergsv\u00e4gen 20824 50\u00a0 HUDIKSVALLSweden OCT October Colour Technologies AB ansvarar inte f\u00f6r varan [&hellip;]<\/p>","protected":false},"author":2,"featured_media":0,"parent":0,"menu_order":0,"comment_status":"closed","ping_status":"closed","template":"","meta":{"footnotes":""},"class_list":["post-127","page","type-page","status-publish","hentry"],"_links":{"self":[{"href":"https:\/\/octoberstockholm.itrak.se\/en_us\/wp-json\/wp\/v2\/pages\/127"}],"collection":[{"href":"https:\/\/octoberstockholm.itrak.se\/en_us\/wp-json\/wp\/v2\/pages"}],"about":[{"href":"https:\/\/octoberstockholm.itrak.se\/en_us\/wp-json\/wp\/v2\/types\/page"}],"author":[{"embeddable":true,"href":"https:\/\/octoberstockholm.itrak.se\/en_us\/wp-json\/wp\/v2\/users\/2"}],"replies":[{"embeddable":true,"href":"https:\/\/octoberstockholm.itrak.se\/en_us\/wp-json\/wp\/v2\/comments?post=127"}],"version-history":[{"count":0,"href":"https:\/\/octoberstockholm.itrak.se\/en_us\/wp-json\/wp\/v2\/pages\/127\/revisions"}],"wp:attachment":[{"href":"https:\/\/octoberstockholm.itrak.se\/en_us\/wp-json\/wp\/v2\/media?parent=127"}],"curies":[{"name":"wp","href":"https:\/\/api.w.org\/{rel}","templated":true}]}}