{"id":1869,"date":"2022-10-27T10:06:58","date_gmt":"2022-10-27T10:06:58","guid":{"rendered":"https:\/\/octoberstockholm.itrak.se\/?page_id=1869"},"modified":"2024-09-11T13:58:40","modified_gmt":"2024-09-11T13:58:40","slug":"aterforsaljare","status":"publish","type":"page","link":"https:\/\/octoberstockholm.itrak.se\/en_us\/aterforsaljare\/","title":{"rendered":"Reseller"},"content":{"rendered":"<div style=\"height:100px\" aria-hidden=\"true\" class=\"wp-block-spacer\"><\/div><p><br><strong><br>October Stockholm, Hudiksvall<\/strong><em> <em>Storgatan 29<\/em><\/em><\/p><p><strong>Salong Runsten, Bromma<\/strong><em> L\u00e5ngskeppsgatan<\/em> 9<\/p><p><strong>Tyres\u00f6 h\u00e5rcenter<\/strong>, <em>Bollmorav\u00e4gen 24G<\/em><\/p><p><strong>Elitesse, S\u00f6dert\u00e4lje<\/strong> <em>Storagatan 2B<\/em><\/p><p><strong>Salong Epic, Sandviken<\/strong> <em>Fisk\u00e4ngsv\u00e4gen 7<\/em><\/p><p><strong>Harmoniq, V\u00e4ster\u00e5s <\/strong><\/p>","protected":false},"excerpt":{"rendered":"<p>October Stockholm, Hudiksvall Storgatan 29 Salong Runsten, Bromma L\u00e5ngskeppsgatan 9 Tyres\u00f6 h\u00e5rcenter, Bollmorav\u00e4gen 24G Elitesse, S\u00f6dert\u00e4lje Storagatan 2B Salong Epic, Sandviken Fisk\u00e4ngsv\u00e4gen 7 Harmoniq, V\u00e4ster\u00e5s<\/p>","protected":false},"author":2,"featured_media":2018,"parent":0,"menu_order":0,"comment_status":"closed","ping_status":"closed","template":"page-inline.php","meta":{"footnotes":""},"class_list":["post-1869","page","type-page","status-publish","has-post-thumbnail","hentry"],"_links":{"self":[{"href":"https:\/\/octoberstockholm.itrak.se\/en_us\/wp-json\/wp\/v2\/pages\/1869"}],"collection":[{"href":"https:\/\/octoberstockholm.itrak.se\/en_us\/wp-json\/wp\/v2\/pages"}],"about":[{"href":"https:\/\/octoberstockholm.itrak.se\/en_us\/wp-json\/wp\/v2\/types\/page"}],"author":[{"embeddable":true,"href":"https:\/\/octoberstockholm.itrak.se\/en_us\/wp-json\/wp\/v2\/users\/2"}],"replies":[{"embeddable":true,"href":"https:\/\/octoberstockholm.itrak.se\/en_us\/wp-json\/wp\/v2\/comments?post=1869"}],"version-history":[{"count":0,"href":"https:\/\/octoberstockholm.itrak.se\/en_us\/wp-json\/wp\/v2\/pages\/1869\/revisions"}],"wp:featuredmedia":[{"embeddable":true,"href":"https:\/\/octoberstockholm.itrak.se\/en_us\/wp-json\/wp\/v2\/media\/2018"}],"wp:attachment":[{"href":"https:\/\/octoberstockholm.itrak.se\/en_us\/wp-json\/wp\/v2\/media?parent=1869"}],"curies":[{"name":"wp","href":"https:\/\/api.w.org\/{rel}","templated":true}]}}