{"id":39071,"date":"2024-01-18T10:54:47","date_gmt":"2024-01-18T10:54:47","guid":{"rendered":"https:\/\/octoberstockholm.itrak.se\/?page_id=39071"},"modified":"2024-08-23T12:36:02","modified_gmt":"2024-08-23T12:36:02","slug":"bli-foretagskund","status":"publish","type":"page","link":"https:\/\/octoberstockholm.itrak.se\/en_us\/bli-foretagskund\/","title":{"rendered":"True Partner"},"content":{"rendered":"<h2 class=\"wp-block-heading\" id=\"h-dags-att-tanka-pa-ett-nytt-satt-som-frisor\">DAGS ATT T\u00c4NKA P\u00c5 ETT NYTT S\u00c4TT SOM FRIS\u00d6R?<\/h2><p>Vill du ha kunden i fokus ge den b\u00e4sta servicen och f\u00e5 b\u00e4ttre ekonomi s\u00e5 har vi l\u00f6sningen f\u00f6r dig! V\u00e5ra veganska produkter har h\u00f6g kvalitet, l\u00e5ng h\u00e5llbarhet\u00a0 och ger fantastisk glans och lyster.\u00a0<\/p><p>Vi erbjuder dig som fris\u00f6r m\u00f6jlighet att k\u00f6pa v\u00e5ra produkter till din salong. V\u00e5r h\u00e5rf\u00e4rg har en unik formula med en h\u00f6gteknologiskt tillverkning. Formulan inneh\u00e5ller Ceramide 2, macadamiaolja och Tranb\u00e4r f\u00f6r l\u00e5ng h\u00e5llbarhet, lyster och glans. V\u00e5rt system inneh\u00e5ller 73 nyanser med gr\u00e5h\u00e5rst\u00e4ckning upp till 100%. V\u00e5r nya blekning True blond Plex Bl\u00e5tt blekpulver, med ett plex som skyddar h\u00e5ret under blekningsprocessen.&nbsp;Den ljusar upp till 9 niv\u00e5er och dess anv\u00e4ndning och applicering \u00e4r extremt enkel, vilket g\u00f6r det m\u00f6jligt att f\u00e5 magnifika kalla och eleganta blondiner<\/p><p>True Colour \u00e4r en professionell&nbsp;h\u00e5rf\u00e4rg som du med f\u00f6rdel kan erbjuda och s\u00e4lja till din kund s\u00e5 kunden kan underh\u00e5lla sin f\u00e4rg med mellan sina fris\u00f6r bes\u00f6k. October Stockholm har stor efterfr\u00e5gan fr\u00e5n v\u00e5ra kunder att hitta n\u00e4rmaste True Colour Salong, d\u00e4rf\u00f6r erbjuder vi central marknadsf\u00f6ring till just din salong n\u00e4r du v\u00e4ljer att k\u00f6pa v\u00e5ra produkter.<\/p><p>F\u00f6r att ans\u00f6ka om att k\u00f6pa v\u00e5ra produkter fyller du i formul\u00e4ret nedan.<\/p><div class=\"woocommerce\"><\/div><div class=\"wp-block-columns is-layout-flex wp-container-core-columns-is-layout-1 wp-block-columns-is-layout-flex\"><div class=\"wp-block-column is-layout-flow wp-block-column-is-layout-flow\" style=\"flex-basis:100%\"><div class=\"wp-block-image\"><figure class=\"aligncenter size-full is-resized\"><img loading=\"lazy\" decoding=\"async\" width=\"800\" height=\"760\" src=\"https:\/\/octoberstockholm.itrak.se\/wp-content\/uploads\/svart-fagel.png\" alt=\"\" class=\"wp-image-39431\" style=\"width:140px;height:auto\" srcset=\"https:\/\/octoberstockholm.itrak.se\/wp-content\/uploads\/svart-fagel.png 800w, https:\/\/octoberstockholm.itrak.se\/wp-content\/uploads\/svart-fagel-500x475.png 500w, https:\/\/octoberstockholm.itrak.se\/wp-content\/uploads\/svart-fagel-768x730.png 768w, https:\/\/octoberstockholm.itrak.se\/wp-content\/uploads\/svart-fagel-13x12.png 13w, https:\/\/octoberstockholm.itrak.se\/wp-content\/uploads\/svart-fagel-575x546.png 575w, https:\/\/octoberstockholm.itrak.se\/wp-content\/uploads\/svart-fagel-380x361.png 380w\" sizes=\"(max-width: 800px) 100vw, 800px\" \/><\/figure><\/div><\/div><\/div>","protected":false},"excerpt":{"rendered":"<p>DAGS ATT T\u00c4NKA P\u00c5 ETT NYTT S\u00c4TT SOM FRIS\u00d6R? Vill du ha kunden i fokus ge den b\u00e4sta servicen och f\u00e5 b\u00e4ttre ekonomi s\u00e5 har vi l\u00f6sningen f\u00f6r dig! V\u00e5ra [&hellip;]<\/p>","protected":false},"author":2,"featured_media":38809,"parent":0,"menu_order":0,"comment_status":"closed","ping_status":"closed","template":"","meta":{"footnotes":""},"class_list":["post-39071","page","type-page","status-publish","has-post-thumbnail","hentry"],"_links":{"self":[{"href":"https:\/\/octoberstockholm.itrak.se\/en_us\/wp-json\/wp\/v2\/pages\/39071"}],"collection":[{"href":"https:\/\/octoberstockholm.itrak.se\/en_us\/wp-json\/wp\/v2\/pages"}],"about":[{"href":"https:\/\/octoberstockholm.itrak.se\/en_us\/wp-json\/wp\/v2\/types\/page"}],"author":[{"embeddable":true,"href":"https:\/\/octoberstockholm.itrak.se\/en_us\/wp-json\/wp\/v2\/users\/2"}],"replies":[{"embeddable":true,"href":"https:\/\/octoberstockholm.itrak.se\/en_us\/wp-json\/wp\/v2\/comments?post=39071"}],"version-history":[{"count":0,"href":"https:\/\/octoberstockholm.itrak.se\/en_us\/wp-json\/wp\/v2\/pages\/39071\/revisions"}],"wp:featuredmedia":[{"embeddable":true,"href":"https:\/\/octoberstockholm.itrak.se\/en_us\/wp-json\/wp\/v2\/media\/38809"}],"wp:attachment":[{"href":"https:\/\/octoberstockholm.itrak.se\/en_us\/wp-json\/wp\/v2\/media?parent=39071"}],"curies":[{"name":"wp","href":"https:\/\/api.w.org\/{rel}","templated":true}]}}