{"id":39866,"date":"2024-03-21T13:48:22","date_gmt":"2024-03-21T13:48:22","guid":{"rendered":"https:\/\/octoberstockholm.itrak.se\/?page_id=39866"},"modified":"2024-09-11T17:08:42","modified_gmt":"2024-09-11T17:08:42","slug":"var-integritetspolicy","status":"publish","type":"page","link":"https:\/\/octoberstockholm.itrak.se\/en_us\/var-integritetspolicy\/","title":{"rendered":"V\u00e5r integritetspolicy"},"content":{"rendered":"<p><\/p><p>OCT October Colour Technologies AB v\u00e4rnar om din integritet.<\/p><p>Du ska k\u00e4nna dig trygg n\u00e4r du anf\u00f6rtror dina personuppgifter till oss och d\u00e4rf\u00f6r har vi uppr\u00e4ttat den h\u00e4r policyn.<\/p><p>Den utg\u00e5r fr\u00e5n g\u00e4llande dataskyddslagstiftning och f\u00f6rtydligar hur vi arbetar f\u00f6r att tillvarata dina r\u00e4ttigheter och integritet.<\/p><p>Policyn beskriver hur:<\/p><p>\u2013 Vi behandlar dina personuppgifter<\/p><p>\u2013 Vad de anv\u00e4nds till<\/p><p>\u2013 Vilka som f\u00e5r ta del av dem<\/p><p>\u2013 Under vilka f\u00f6ruts\u00e4ttningar personuppgifter tas in<\/p><p>\u2013 Samt hur du kan ta tillvara dina r\u00e4ttigheter<\/p><p>VEM \u00c4R ANSVARIG F\u00d6R DE PERSONUPPGIFTER SOM SAMLAS IN?<\/p><p>OCT October Colour Technologies AB (Org.nr : 559332-9138) \u00e4r personuppgiftsansvariga f\u00f6r f\u00f6retagets behandling av personuppgifter.<\/p><p>HUR F\u00c5R VI TILLG\u00c5NG TILL DINA PERSONUPPGIFTER?<\/p><p>Vi f\u00e5r tillg\u00e5ng till dina personuppgifter n\u00e4r du:<\/p><p>\u2013 Tar kontakt med oss genom e-post<\/p><p>\u2013 Efters\u00f6ker oss \u00f6ver telefon<\/p><p>\u2013 Tar kontakt genom v\u00e5r hemsida<\/p><p>\u2013 N\u00e4r du anlitar oss som kund<\/p><p>\u2013 N\u00e4r du f\u00e5r ett uppdrag av oss<\/p><p>\u2013 \u00c4r en av v\u00e5ra samarbetspartners<\/p><p>Vid behandling inh\u00e4mtar vi ditt samtycke innan vi b\u00f6rjar behandla dina personuppgifter i det fall det skulle beh\u00f6vas.<\/p><p>Det g\u00f6r vi genom att l\u00e5ta dig fylla i uttryckliga samtyckesklausuler i de fall behandlingen grundas p\u00e5 samtycke.<\/p><p>HUR KOMMER DU I KONTAKT MED OSS VID FR\u00c5GOR OM DATASKYDD?<\/p><p>Du kan alltid n\u00e5 oss p\u00e5 &nbsp;info@octoberstockholm.com eller p\u00e5 : 010-350 0100<\/p><p>Om October Stockholm  g\u00f6r n\u00e5gon \u00e4ndring i integritetspolicyn kommer den senaste versionen finnas tillg\u00e4nglig p\u00e5 v\u00e5r hemsida.<\/p><p>Om vi beslutar att genomf\u00f6ra \u00e4ndringar som inneb\u00e4r avg\u00f6rande f\u00f6r\u00e4ndringar kommer du f\u00e5 information om detta via v\u00e5r hemsida eller genom e-post.<\/p><p>VILKA PERSONUPPGIFTER SAMLAR VI IN OM DIG SOM KUND OCH TILL VILKET \u00c4NDAM\u00c5L?<\/p><p>Vi behandlar dina personuppgifter fr\u00e4mst f\u00f6r att kunna fullf\u00f6lja v\u00e5ra f\u00f6rpliktelser mot dig.<\/p><p>V\u00e5r utg\u00e5ngspunkt \u00e4r inte att behandla fler personuppgifter \u00e4n vad som beh\u00f6vs f\u00f6r varje \u00e4ndam\u00e5l.<\/p><p>Vi str\u00e4var alltid efter att anv\u00e4nda de minst integritetsk\u00e4nsliga uppgifterna.<\/p><p>Vi behandlar uppgifter som du tillhandah\u00e5ller oss direkt, n\u00e4r du bes\u00f6ker v\u00e5r hemsida, n\u00e4r du anm\u00e4ler dig till nyhetsbrev och andra utskick.<\/p><p>October Stockholm behandlar endast personuppgifter n\u00e4r vi har laglig grund.<\/p><p>Vi behandlar inte personuppgifter i annat fall \u00e4n n\u00e4r de beh\u00f6vs f\u00f6r att fullg\u00f6ra f\u00f6rpliktelser enligt avtal och lag.<\/p><p>VILKA KAN VI KOMMA ATT DELA DINA UPPGIFTER MED?<\/p><p>V\u00e5r utg\u00e5ngspunkt \u00e4r att inte l\u00e4mna ut dina personuppgifter till tredje part om du inte har samtyckt till det.<\/p><p>Dina personuppgifter anv\u00e4nds inte mer \u00e4n n\u00f6dv\u00e4ndigt f\u00f6r att uppfylla v\u00e5ra f\u00f6rpliktelser enligt avtal eller lag.<\/p><p>I de fall vi l\u00e4mnar ut personuppgifter till tredje part s\u00e5 informeras du om detta.<\/p><p>Vi uppr\u00e4ttar sekretessavtal samt s\u00e4kerst\u00e4ller att personuppgifterna behandlas p\u00e5 ett betryggande s\u00e4tt.<\/p><p>VAD HAR DU F\u00d6R R\u00c4TTIGHETER SOM REGISTRERAD?<\/p><p>R\u00c4TTIGHET TILL TILLG\u00c5NG (REGISTERUTDRAG)<\/p><p>Vi \u00e4r alltid \u00f6ppna och transparenta med hur vi behandlar dina personuppgifter.<\/p><p>Ifall du vill f\u00e5 en djupare insikt i vilka personuppgifter vi behandlar om just dig kan du beg\u00e4ra att g\u00e5 tillg\u00e5ng till uppgifterna.<\/p><p>Informationen l\u00e4mnas i form av ett registerutdrag med:<\/p><p>\u2013 Angivande av \u00e4ndam\u00e5l<\/p><p>\u2013 Kategorier av personuppgifter<\/p><p>\u2013 Kategorier av mottagare<\/p><p>\u2013 Lagringsperioder<\/p><p>\u2013 Information om varifr\u00e5n informationen har samlats in<\/p><p>\u2013 F\u00f6rekomsten av automatiserat beslutsfattande.<\/p><p>T\u00e4nk p\u00e5 att ifall vi mottar en beg\u00e4ran om tillg\u00e5ng kan vi komma att fr\u00e5ga om ytterligare uppgifter fr\u00e5n dig.<\/p><p>Detta g\u00f6r vi f\u00f6r att s\u00e4kerst\u00e4lla en effektiv hantering av din beg\u00e4ran och att informationen l\u00e4mnas till r\u00e4tt person.<\/p><p>R\u00c4TT TILL R\u00c4TTELSE<\/p><p>Du kan beg\u00e4ra att dina personuppgifter r\u00e4ttas ifall uppgifterna \u00e4r felaktiga.<\/p><p>Inom ramen f\u00f6r det angivna \u00e4ndam\u00e5let har du ocks\u00e5 r\u00e4tt att komplettera eventuellt ofullst\u00e4ndiga personuppgifter.<\/p><p>R\u00c4TT TILL RADERING<\/p><p>Du kan beg\u00e4ra radering av personuppgifter vi behandlar om dig ifall:<\/p><p>\u2013 Uppgifterna inte l\u00e4ngre \u00e4r n\u00f6dv\u00e4ndiga f\u00f6r de \u00e4ndam\u00e5l f\u00f6r vilka de har samlats in eller<\/p><p>behandlats.<\/p><p>\u2013 Du inv\u00e4nder mot en intresseavv\u00e4gning vi har gjort baserat p\u00e5 ber\u00e4ttigat intresse och ditt sk\u00e4l<\/p><p>f\u00f6r inv\u00e4ndning v\u00e4ger tyngre \u00e4n v\u00e5rt ber\u00e4ttigade intresse.<\/p><p>\u2013 Du inv\u00e4nder mot behandling f\u00f6r direkmarknadsf\u00f6rings\u00e4ndam\u00e5l.<\/p><p>\u2013 Personuppgifter behandlas p\u00e5 ett olagligt s\u00e4tt.<\/p><p>\u2013 Personuppgifterna m\u00e5ste raderas f\u00f6r att uppfylla en r\u00e4ttslig f\u00f6rpliktelse vi omfattas av.<\/p><p>HUR L\u00c4NGE SPARAR VI DINA PERSONUPPGIFTER?<\/p><p>October Stockholm sparar aldrig personuppgifter l\u00e4ngre \u00e4n vad som anses n\u00f6dv\u00e4ndigt f\u00f6r \u00e4ndam\u00e5l med behandlingen.<\/p>","protected":false},"excerpt":{"rendered":"<p>OCT October Colour Technologies AB v\u00e4rnar om din integritet. Du ska k\u00e4nna dig trygg n\u00e4r du anf\u00f6rtror dina personuppgifter till oss och d\u00e4rf\u00f6r har vi uppr\u00e4ttat den h\u00e4r policyn. Den [&hellip;]<\/p>","protected":false},"author":2,"featured_media":0,"parent":0,"menu_order":0,"comment_status":"closed","ping_status":"closed","template":"","meta":{"footnotes":""},"class_list":["post-39866","page","type-page","status-publish","hentry"],"_links":{"self":[{"href":"https:\/\/octoberstockholm.itrak.se\/en_us\/wp-json\/wp\/v2\/pages\/39866"}],"collection":[{"href":"https:\/\/octoberstockholm.itrak.se\/en_us\/wp-json\/wp\/v2\/pages"}],"about":[{"href":"https:\/\/octoberstockholm.itrak.se\/en_us\/wp-json\/wp\/v2\/types\/page"}],"author":[{"embeddable":true,"href":"https:\/\/octoberstockholm.itrak.se\/en_us\/wp-json\/wp\/v2\/users\/2"}],"replies":[{"embeddable":true,"href":"https:\/\/octoberstockholm.itrak.se\/en_us\/wp-json\/wp\/v2\/comments?post=39866"}],"version-history":[{"count":0,"href":"https:\/\/octoberstockholm.itrak.se\/en_us\/wp-json\/wp\/v2\/pages\/39866\/revisions"}],"wp:attachment":[{"href":"https:\/\/octoberstockholm.itrak.se\/en_us\/wp-json\/wp\/v2\/media?parent=39866"}],"curies":[{"name":"wp","href":"https:\/\/api.w.org\/{rel}","templated":true}]}}