{"id":39869,"date":"2024-03-21T13:59:43","date_gmt":"2024-03-21T13:59:43","guid":{"rendered":"https:\/\/octoberstockholm.itrak.se\/?page_id=39869"},"modified":"2024-03-21T13:59:44","modified_gmt":"2024-03-21T13:59:44","slug":"cookie-policy","status":"publish","type":"page","link":"https:\/\/octoberstockholm.itrak.se\/en_us\/cookie-policy\/","title":{"rendered":"Cookie policy"},"content":{"rendered":"<p>Denna cookiepolicy f\u00f6rklarar hur October Stockholm cookies och liknande tekniker f\u00f6r att k\u00e4nna igen dig n\u00e4r du bes\u00f6ker v\u00e5r webbplats p\u00e5 https:\/\/www.octoberstockholm.com. Den f\u00f6rklarar vad dessa teknologier \u00e4r och varf\u00f6r vi anv\u00e4nder dem, samt dina r\u00e4ttigheter att kontrollera v\u00e5r anv\u00e4ndning av dem.<\/p><p>I vissa fall kan vi anv\u00e4nda cookies f\u00f6r att samla in personlig information, eller som blir personlig information om vi kombinerar den med annan information.<\/p><p><strong>Vad \u00e4r cookies?<\/strong><\/p><p>Cookies \u00e4r sm\u00e5 datafiler som placeras p\u00e5 din dator eller mobila enhet n\u00e4r du bes\u00f6ker en webbplats. Cookies anv\u00e4nds i stor utstr\u00e4ckning av webbplats\u00e4gare f\u00f6r att f\u00e5 deras webbplatser att fungera, eller f\u00f6r att fungera mer effektivt, samt f\u00f6r att tillhandah\u00e5lla rapporteringsinformation.<\/p><p>Cookies som st\u00e4llts in av webbplats\u00e4garen (i det h\u00e4r fallet October Stockholm) kallas &#8220;f\u00f6rstapartscookies&#8221;. Cookies som s\u00e4tts av andra parter \u00e4n webbplats\u00e4garen kallas &#8220;tredjepartscookies&#8221;. Tredjepartscookies g\u00f6r det m\u00f6jligt f\u00f6r tredjepartsfunktioner att tillhandah\u00e5llas p\u00e5 eller via webbplatsen (t.ex. reklam, interaktivt inneh\u00e5ll och analys). Parterna som st\u00e4ller in dessa tredjepartscookies kan k\u00e4nna igen din dator b\u00e5de n\u00e4r den bes\u00f6ker webbplatsen i fr\u00e5ga och \u00e4ven n\u00e4r den bes\u00f6ker vissa andra webbplatser.<\/p><p><strong>Varf\u00f6r anv\u00e4nder vi cookies?<\/strong><\/p><p>Vi anv\u00e4nder cookies fr\u00e5n f\u00f6rsta och tredje part av flera sk\u00e4l.<br>Vissa cookies kr\u00e4vs av tekniska sk\u00e4l f\u00f6r att v\u00e5r webbplats ska fungera, och vi h\u00e4nvisar till dessa som &#8220;n\u00f6dv\u00e4ndiga&#8221; eller &#8220;strikt n\u00f6dv\u00e4ndiga&#8221; cookies.<br><br>Andra cookies g\u00f6r det ocks\u00e5 m\u00f6jligt f\u00f6r oss att sp\u00e5ra och rikta in v\u00e5ra anv\u00e4ndares intressen samt att f\u00f6rb\u00e4ttra upplevelsen f\u00f6r v\u00e5ra anv\u00e4ndare av sajten.<br><br>Tredje part serverar cookies via v\u00e5r webbplats som anv\u00e4nds f\u00f6r reklam, analys och andra \u00e4ndam\u00e5l. Detta beskrivs mer i detalj nedan.<\/p><p><strong>Hur kan jag kontrollera cookies?<\/strong><\/p><p>Du har r\u00e4tt att best\u00e4mma om du vill acceptera eller avvisa cookies.<br>Du kan ut\u00f6va dina r\u00e4ttigheter genom att st\u00e4lla in dina inst\u00e4llningar i Cookie Settings.<br>Cookie Settings l\u00e5ter dig v\u00e4lja vilka kategorier av cookies du accepterar eller avvisar.<br>Viktiga cookies kan inte avvisas eftersom de \u00e4r absolut n\u00f6dv\u00e4ndiga f\u00f6r att ge dig tj\u00e4nster.<\/p><p>Cookie Settings finns i meddelandebannern p\u00e5 v\u00e5r webbplats. Om du v\u00e4ljer att avvisa cookies kan du fortfarande anv\u00e4nda v\u00e5r webbplats \u00e4ven om din tillg\u00e5ng till vissa funktioner och delar av v\u00e5r webbplats kan vara begr\u00e4nsad. Du kan ocks\u00e5 st\u00e4lla in eller \u00e4ndra din webbl\u00e4sares kontroller f\u00f6r att acceptera eller v\u00e4gra cookies.<\/p><p>De specifika typerna av f\u00f6rsta- och tredjepartscookies som serveras via v\u00e5r webbplats och de syften de utf\u00f6r beskrivs i tabellen nedan (observera att de specifika cookies som serveras kan variera beroende p\u00e5 de specifika onlineegenskaper du bes\u00f6ker):<\/p><p><strong>N\u00f6dv\u00e4ndiga funktioner<\/strong><strong>&#8211; f\u00f6rsta parts cookies<\/strong><\/p><p>analytics_storage*<\/p><p>ad_personalization*<\/p><p>ad_user_data*&nbsp;<\/p><p>ad storage*<\/p><p><strong>Marknadsf\u00f6ring f\u00f6rstapartcookies samt tredjepartscookies<\/strong><\/p><p>analytics_storage*<\/p><p>ad_personalization*<\/p><p>ad_user_data*&nbsp;<\/p><p>ad storage*<\/p><p>functionality_storage<\/p><p><strong>Statistik och Analys f\u00f6rstapartcookies samt tredjepartscookies<\/strong><\/p><p>analytics_storage*<\/p><p>ad_personalization*<\/p><p>ad_user_data*&nbsp;<\/p><p>ad storage*<\/p><p>security_storage&nbsp;<\/p><p><strong>B\u00e4ttre anv\u00e4ndarupplevelse<\/strong><strong>&#8211;&nbsp; f\u00f6rstapartcookies samt tredjepartscookies<\/strong><\/p><p>analytics_storage*<\/p><p>ad_personalization*<\/p><p>ad_user_data*&nbsp;<\/p><p>ad storage*<\/p><p>personalization_storage&nbsp;<\/p><p>October Stockholm anv\u00e4nder sig av olika\u00a0 <strong>n\u00f6dv\u00e4ndiga funktioner-<\/strong> som anv\u00e4nds f\u00f6r att sajten ska fungera.\u00a0\u00a0<\/p>","protected":false},"excerpt":{"rendered":"<p>Denna cookiepolicy f\u00f6rklarar hur October Stockholm cookies och liknande tekniker f\u00f6r att k\u00e4nna igen dig n\u00e4r du bes\u00f6ker v\u00e5r webbplats p\u00e5 https:\/\/www.octoberstockholm.com. Den f\u00f6rklarar vad dessa teknologier \u00e4r och varf\u00f6r [&hellip;]<\/p>","protected":false},"author":2,"featured_media":0,"parent":0,"menu_order":0,"comment_status":"closed","ping_status":"closed","template":"","meta":{"footnotes":""},"class_list":["post-39869","page","type-page","status-publish","hentry"],"_links":{"self":[{"href":"https:\/\/octoberstockholm.itrak.se\/en_us\/wp-json\/wp\/v2\/pages\/39869"}],"collection":[{"href":"https:\/\/octoberstockholm.itrak.se\/en_us\/wp-json\/wp\/v2\/pages"}],"about":[{"href":"https:\/\/octoberstockholm.itrak.se\/en_us\/wp-json\/wp\/v2\/types\/page"}],"author":[{"embeddable":true,"href":"https:\/\/octoberstockholm.itrak.se\/en_us\/wp-json\/wp\/v2\/users\/2"}],"replies":[{"embeddable":true,"href":"https:\/\/octoberstockholm.itrak.se\/en_us\/wp-json\/wp\/v2\/comments?post=39869"}],"version-history":[{"count":0,"href":"https:\/\/octoberstockholm.itrak.se\/en_us\/wp-json\/wp\/v2\/pages\/39869\/revisions"}],"wp:attachment":[{"href":"https:\/\/octoberstockholm.itrak.se\/en_us\/wp-json\/wp\/v2\/media?parent=39869"}],"curies":[{"name":"wp","href":"https:\/\/api.w.org\/{rel}","templated":true}]}}