{"id":42219,"date":"2024-09-05T05:58:25","date_gmt":"2024-09-05T05:58:25","guid":{"rendered":"https:\/\/octoberstockholm.itrak.se\/?page_id=42219"},"modified":"2024-09-05T06:28:00","modified_gmt":"2024-09-05T06:28:00","slug":"online-support","status":"publish","type":"page","link":"https:\/\/octoberstockholm.itrak.se\/en_us\/online-support\/","title":{"rendered":"Online Support"},"content":{"rendered":"<h2 class=\"wp-block-heading\"><\/h2><p>\u2013 d\u00e4r kunskap, kvalitet och kundens behov m\u00f6ts f\u00f6r att<br>skapa fantastiska h\u00e5rf\u00e4rgsupplevelser hemma.<\/p><p>Att f\u00e4rga h\u00e5ret hemma har l\u00e4nge varit ett alternativ<br>p\u00e5 marknaden, fram tills nu har det saknats en trygg<br>plats att st\u00e4lla den viktiga fr\u00e5gan:<br>&#8220;Hur f\u00e4rgar jag h\u00e5ret hemma p\u00e5 b\u00e4sta s\u00e4tt?&#8221; Om du<br>skulle fr\u00e5ga din fris\u00f6r hur du kan underh\u00e5lla h\u00e5ret<br>hemma, skulle svaret ofta vara att \u201dhemmaf\u00e4rg inte \u00e4r<br>tillr\u00e4ckligt bra\u201d. Men problemet ligger inte i produkterna<br>\u2013 utan i bristen p\u00e5 r\u00e4tt kunskap.<\/p><p><br>F\u00f6r oss sj\u00e4lvklart att vara med genom hela processen.det<br>\u00e4r precis s\u00e5 v\u00e5r True Colour Online Support f\u00f6ddes. Vi ville<br>skapa en tj\u00e4nst som inte bara erbjuder professionella och<br>skonsamma produkter av h\u00f6gsta kvalitet, utan \u00e4ven ger dig<br>den kunskap och v\u00e4gledning som beh\u00f6vs f\u00f6r att n\u00e5<br>salongsresultat hemma.<\/p><p><br>Under de senaste 1,5 \u00e5ren har v\u00e5r online support hj\u00e4lpt \u00f6ver<br>10 000 kunder. Genom att skicka in bilder p\u00e5 sitt h\u00e5r och<br>beskriva sitt \u00f6nskade resultat f\u00e5r varje kund ett skr\u00e4ddarsytt<br>recept fr\u00e5n oss.<\/p><p><br>V\u00e5r Online Support har blivit enormt uppskattad. Kunderna<br>delar ofta sina resultat med oss och ger feedback, b\u00e5de om<br>vad de \u00e4lskar och vad som kan f\u00f6rb\u00e4ttras. Denna dialog g\u00f6r<br>att vi st\u00e4ndigt kan utveckla v\u00e5ra produkter och m\u00f6ta<br>efterfr\u00e5gan p\u00e5 marknaden \u2013 allt med<br>kundens b\u00e4sta i fokus.<\/p>","protected":false},"excerpt":{"rendered":"<p>\u2013 d\u00e4r kunskap, kvalitet och kundens behov m\u00f6ts f\u00f6r attskapa fantastiska h\u00e5rf\u00e4rgsupplevelser hemma. Att f\u00e4rga h\u00e5ret hemma har l\u00e4nge varit ett alternativp\u00e5 marknaden, fram tills nu har det saknats en [&hellip;]<\/p>","protected":false},"author":2,"featured_media":42222,"parent":0,"menu_order":0,"comment_status":"closed","ping_status":"closed","template":"page-inline.php","meta":{"footnotes":""},"class_list":["post-42219","page","type-page","status-publish","has-post-thumbnail","hentry"],"_links":{"self":[{"href":"https:\/\/octoberstockholm.itrak.se\/en_us\/wp-json\/wp\/v2\/pages\/42219"}],"collection":[{"href":"https:\/\/octoberstockholm.itrak.se\/en_us\/wp-json\/wp\/v2\/pages"}],"about":[{"href":"https:\/\/octoberstockholm.itrak.se\/en_us\/wp-json\/wp\/v2\/types\/page"}],"author":[{"embeddable":true,"href":"https:\/\/octoberstockholm.itrak.se\/en_us\/wp-json\/wp\/v2\/users\/2"}],"replies":[{"embeddable":true,"href":"https:\/\/octoberstockholm.itrak.se\/en_us\/wp-json\/wp\/v2\/comments?post=42219"}],"version-history":[{"count":0,"href":"https:\/\/octoberstockholm.itrak.se\/en_us\/wp-json\/wp\/v2\/pages\/42219\/revisions"}],"wp:featuredmedia":[{"embeddable":true,"href":"https:\/\/octoberstockholm.itrak.se\/en_us\/wp-json\/wp\/v2\/media\/42222"}],"wp:attachment":[{"href":"https:\/\/octoberstockholm.itrak.se\/en_us\/wp-json\/wp\/v2\/media?parent=42219"}],"curies":[{"name":"wp","href":"https:\/\/api.w.org\/{rel}","templated":true}]}}