{"id":488,"date":"2022-09-27T09:35:41","date_gmt":"2022-09-27T09:35:41","guid":{"rendered":"https:\/\/octoberstockholm.itrak.se\/?page_id=488"},"modified":"2024-09-11T14:42:40","modified_gmt":"2024-09-11T14:42:40","slug":"get-the-look","status":"publish","type":"page","link":"https:\/\/octoberstockholm.itrak.se\/en_us\/get-the-look\/","title":{"rendered":"GET THE LOOK"},"content":{"rendered":"<p class=\"has-text-align-center\">F\u00f6lj v\u00e5ra enkla steg-f\u00f6r-steg guider f\u00f6r en perfekt look varje g\u00e5ng med GET THE LOOK. Scrolla bland v\u00e5ra f\u00f6re- och efter bilder och l\u00e5t dig inspireras av olika <a href=\"https:\/\/octoberstockholm.itrak.se\/en_us\/produkter\/\"><mark style=\"background-color:rgba(0, 0, 0, 0)\" class=\"has-inline-color has-color-0-color\"><strong>h\u00e5rf\u00e4rger<\/strong><\/mark><\/a>. L\u00e4r dig dessutom vilka produkter du ska anv\u00e4nda f\u00f6r att uppn\u00e5 de resultat du dr\u00f6mmer om.<\/p><p><\/p>","protected":false},"excerpt":{"rendered":"<p>F\u00f6lj v\u00e5ra enkla steg-f\u00f6r-steg guider f\u00f6r en perfekt look varje g\u00e5ng med GET THE LOOK. Scrolla bland v\u00e5ra f\u00f6re- och efter bilder och l\u00e5t dig inspireras av olika h\u00e5rf\u00e4rger. L\u00e4r [&hellip;]<\/p>","protected":false},"author":2,"featured_media":41976,"parent":0,"menu_order":0,"comment_status":"closed","ping_status":"closed","template":"page-elements.php","meta":{"footnotes":""},"class_list":["post-488","page","type-page","status-publish","has-post-thumbnail","hentry"],"_links":{"self":[{"href":"https:\/\/octoberstockholm.itrak.se\/en_us\/wp-json\/wp\/v2\/pages\/488"}],"collection":[{"href":"https:\/\/octoberstockholm.itrak.se\/en_us\/wp-json\/wp\/v2\/pages"}],"about":[{"href":"https:\/\/octoberstockholm.itrak.se\/en_us\/wp-json\/wp\/v2\/types\/page"}],"author":[{"embeddable":true,"href":"https:\/\/octoberstockholm.itrak.se\/en_us\/wp-json\/wp\/v2\/users\/2"}],"replies":[{"embeddable":true,"href":"https:\/\/octoberstockholm.itrak.se\/en_us\/wp-json\/wp\/v2\/comments?post=488"}],"version-history":[{"count":0,"href":"https:\/\/octoberstockholm.itrak.se\/en_us\/wp-json\/wp\/v2\/pages\/488\/revisions"}],"wp:featuredmedia":[{"embeddable":true,"href":"https:\/\/octoberstockholm.itrak.se\/en_us\/wp-json\/wp\/v2\/media\/41976"}],"wp:attachment":[{"href":"https:\/\/octoberstockholm.itrak.se\/en_us\/wp-json\/wp\/v2\/media?parent=488"}],"curies":[{"name":"wp","href":"https:\/\/api.w.org\/{rel}","templated":true}]}}