{"id":50,"date":"2022-09-21T14:08:02","date_gmt":"2022-09-21T14:08:02","guid":{"rendered":"https:\/\/octoberstockholm.itrak.se\/?page_id=50"},"modified":"2024-09-11T16:55:30","modified_gmt":"2024-09-11T16:55:30","slug":"om-foretaget","status":"publish","type":"page","link":"https:\/\/octoberstockholm.itrak.se\/en_us\/om-foretaget\/","title":{"rendered":"Om October Stockholm"},"content":{"rendered":"<figure class=\"wp-block-image size-large\"><img loading=\"lazy\" decoding=\"async\" width=\"1600\" height=\"444\" src=\"https:\/\/octoberstockholm.itrak.se\/wp-content\/uploads\/trueyou-text-1600x444.png\" alt=\"\" class=\"wp-image-41964\" srcset=\"https:\/\/octoberstockholm.itrak.se\/wp-content\/uploads\/trueyou-text-1600x444.png 1600w, https:\/\/octoberstockholm.itrak.se\/wp-content\/uploads\/trueyou-text-500x139.png 500w, https:\/\/octoberstockholm.itrak.se\/wp-content\/uploads\/trueyou-text-768x213.png 768w, https:\/\/octoberstockholm.itrak.se\/wp-content\/uploads\/trueyou-text-1536x427.png 1536w, https:\/\/octoberstockholm.itrak.se\/wp-content\/uploads\/trueyou-text-1140x317.png 1140w, https:\/\/octoberstockholm.itrak.se\/wp-content\/uploads\/trueyou-text-920x256.png 920w, https:\/\/octoberstockholm.itrak.se\/wp-content\/uploads\/trueyou-text-575x160.png 575w, https:\/\/octoberstockholm.itrak.se\/wp-content\/uploads\/trueyou-text-380x106.png 380w, https:\/\/octoberstockholm.itrak.se\/wp-content\/uploads\/trueyou-text-800x222.png 800w, https:\/\/octoberstockholm.itrak.se\/wp-content\/uploads\/trueyou-text.png 1847w\" sizes=\"(max-width: 1600px) 100vw, 1600px\" \/><\/figure><h2 class=\"wp-block-heading\" id=\"h-be-different-do-good\"><\/h2><p>TRUE \u00e4r s\u00e5 mycket mer \u00e4n ett ord. Det \u00e4r ett val och engagemang, att vara genuin och \u00e4rlig, mot dig sj\u00e4lv och alla m\u00e4nniskor du m\u00f6ter.&nbsp;<\/p><p>TRUE \u00e4r ett s\u00e4tt att leva. Hur du behandlar dig sj\u00e4lv, dina dr\u00f6mmar och vara \u00f6ppen f\u00f6r nya kreativa ideer.<\/p><p>TRUE \u00e4r inte n\u00e5got extra. Det \u00e4r att \u00f6ppenhj\u00e4rtat l\u00e5ta ditt inre sken lysa genom din lycka.<\/p><p>TRUE \u00e4r en kraft. En kraft att inse din fulla potential som \u00e4r du &#8211; det \u00e4r TRUE<\/p><p>Det finns toner och nyanser som \u00e4r du och ingen annan. En f\u00e4rgskala som \u00e4r din personlighet. En personlighet som dessutom alltid skiftar med hum\u00f6ret, med k\u00e4nslan och med tiden. D\u00e4rf\u00f6r ville jag skapa en palett f\u00f6r alla dina kreativa infall, din personlighets egen resa \u2013 och en f\u00e4rglinje som alltid s\u00e4ger ja.<\/p><p><strong><a href=\"https:\/\/octoberstockholm.itrak.se\/en_us\/\">October Stockholm<\/a><\/strong> och <strong><a href=\"https:\/\/octoberstockholm.itrak.se\/en_us\/truecolour\/\">True Colour<\/a><\/strong> k\u00e4nner du igen p\u00e5 den o\u00e4ndliga variationen, p\u00e5 den gener\u00f6sa m\u00e4ngden m\u00f6jligheter och p\u00e5 en kvalitet som \u00e4r sann. F\u00f6r det \u00e4r bara d\u00e5 du kan f\u00f6rverkliga ditt nya jag. Den nyans som \u00e4r du \u2013 som \u00e4r sann.<\/p><p><\/p><p><a rel=\"noreferrer noopener\" href=\"https:\/\/www.instagram.com\/octoberstockholm\/\" target=\"_blank\">INSTAGRAM<\/a><\/p><p class=\"pab-inline-t\"><a href=\"https:\/\/www.facebook.com\/OctoberStockholm\/\" target=\"_blank\" rel=\"noreferrer noopener\">FACEBOOK<\/a><\/p><p>OCT October Colour Technologies AB, Sn\u00f6droppsgr\u00e4nd, 165 74&nbsp; H\u00c4SSELBY, Sweden<\/p><p>Org.nr: 559332-9138<\/p>","protected":false},"excerpt":{"rendered":"<p>TRUE \u00e4r s\u00e5 mycket mer \u00e4n ett ord. Det \u00e4r ett val och engagemang, att vara genuin och \u00e4rlig, mot dig sj\u00e4lv och alla m\u00e4nniskor du m\u00f6ter.&nbsp; TRUE \u00e4r ett [&hellip;]<\/p>","protected":false},"author":2,"featured_media":41965,"parent":0,"menu_order":0,"comment_status":"closed","ping_status":"closed","template":"page-inline.php","meta":{"footnotes":""},"class_list":["post-50","page","type-page","status-publish","has-post-thumbnail","hentry"],"_links":{"self":[{"href":"https:\/\/octoberstockholm.itrak.se\/en_us\/wp-json\/wp\/v2\/pages\/50"}],"collection":[{"href":"https:\/\/octoberstockholm.itrak.se\/en_us\/wp-json\/wp\/v2\/pages"}],"about":[{"href":"https:\/\/octoberstockholm.itrak.se\/en_us\/wp-json\/wp\/v2\/types\/page"}],"author":[{"embeddable":true,"href":"https:\/\/octoberstockholm.itrak.se\/en_us\/wp-json\/wp\/v2\/users\/2"}],"replies":[{"embeddable":true,"href":"https:\/\/octoberstockholm.itrak.se\/en_us\/wp-json\/wp\/v2\/comments?post=50"}],"version-history":[{"count":0,"href":"https:\/\/octoberstockholm.itrak.se\/en_us\/wp-json\/wp\/v2\/pages\/50\/revisions"}],"wp:featuredmedia":[{"embeddable":true,"href":"https:\/\/octoberstockholm.itrak.se\/en_us\/wp-json\/wp\/v2\/media\/41965"}],"wp:attachment":[{"href":"https:\/\/octoberstockholm.itrak.se\/en_us\/wp-json\/wp\/v2\/media?parent=50"}],"curies":[{"name":"wp","href":"https:\/\/api.w.org\/{rel}","templated":true}]}}