{"id":52,"date":"2022-09-21T14:08:42","date_gmt":"2022-09-21T14:08:42","guid":{"rendered":"https:\/\/octoberstockholm.itrak.se\/?page_id=52"},"modified":"2024-09-11T17:05:29","modified_gmt":"2024-09-11T17:05:29","slug":"kopvillkor","status":"publish","type":"page","link":"https:\/\/octoberstockholm.itrak.se\/en_us\/kopvillkor\/","title":{"rendered":"TERMS OF PURCHASE"},"content":{"rendered":"<p><\/p><p><strong>GENERAL<br><\/strong>Dessa k\u00f6pvillkor g\u00e4ller n\u00e4r du som konsument g\u00f6r en best\u00e4llning fr\u00e5n OCT October Colour Technologies <br>e-handel www.octoberstockholm.com. Avtal mellan dig och OCT October Colour Technologies AB om<br>leverans av dina best\u00e4llda produkter uppst\u00e5r n\u00e4r du f\u00e5r en leveransbekr\u00e4ftelse.<br>F\u00f6r att handla p\u00e5 v\u00e5r e-handel ska du ha fyllt 18 \u00e5r, inte st\u00e5 under<br>f\u00f6rmyndarskap och i \u00f6vrigt ha kapacitet att ing\u00e5 avtal. Om du \u00e4r under 18 \u00e5r m\u00e5ste du ha<br>m\u00e5lsmans tillst\u00e5nd att best\u00e4lla fr\u00e5n oss.<\/p><p><br>Vi reserverar oss f\u00f6r eventuella leveransf\u00f6rseningar och slutf\u00f6rs\u00e4ljningar. Vidare<br>reserverar vi oss f\u00f6r tekniska fel, tryckfel och felskrivningar. Vi f\u00f6rbeh\u00e5ller oss r\u00e4tten att<br>justera eventuella fel i prisinformationen f\u00f6re och efter att best\u00e4llningen \u00e4r behandlad.<br>F\u00f6r n\u00e4rmare information om hur vi hanterar och behandlar dina<br>personuppgifter, se v\u00e5r Integritetspolicy.<\/p><p><br><strong>DELIVERIES AND ORDERS<br><\/strong>Vi erbjuder alltid fri frakt vid val av leverans av paket till n\u00e5gon av v\u00e5ra<br>butiker. Vid k\u00f6p f\u00f6r minst 500 kr erbjuder vi fri frakt.<br>Nedan ser du vilka leveranss\u00e4tt som erbjuds.<\/p><p><br><strong>OCTOBER STOCKHOLM H\u00c5RSTUDIO \u2013 ALLTID FRI FRAKT<br><\/strong>V\u00e4nligen ta med dig legitimation och ditt ordernummer\/orderbekr\u00e4ftelse som \u00e4r ditt kvitto<br>p\u00e5 din best\u00e4llning.<\/p><p><br><strong>SCHENKER \u2013 TILL OMBUD ELLER DIREKT TILL DIN BREVL\u00c5DA<br><\/strong>Mindre paket levereras direkt till din brevl\u00e5da medan st\u00f6rre paket levereras till ett av<br>Schenker utl\u00e4mningsst\u00e4llen n\u00e4ra dig. Du \u00e4ven v\u00e4lja Schenkers klimatsmarta leveranser<br>som transporteras i enlighet med Schenkers riktlinjer f\u00f6r milj\u00f6- och arbetsmilj\u00f6, vilket<br>inneb\u00e4r s\u00e5 liten klimatp\u00e5verkan som m\u00f6jligt. Detta inneb\u00e4r att leveranserna i st\u00f6rsta<br>m\u00f6jliga m\u00e5n transporteras via j\u00e4rnv\u00e4g och i \u00f6vriga fall lastbil.<\/p><p><br><strong>PRODUCTS THAT ARE OUT OF STOCK<br><\/strong>Om n\u00e5gon vara som du har best\u00e4llt inte finns i lager n\u00e4r din best\u00e4llning ska packas, s\u00e5<br>kommer enbart de varor som du best\u00e4llt och som finns i lager att levereras till dig. De<br>varor som inte kan levereras kommer ist\u00e4llet att krediteras till dig. Om ditt k\u00f6p \u00f6versteg<br>500 kr fr\u00e5n b\u00f6rjan debiteras du sj\u00e4lvklart ingen fraktkostnad.<\/p><p><br><strong>NOTIFICATION<br><\/strong>N\u00e4r ordern skickats fr\u00e5n v\u00e5rt lager f\u00e5r du ett besked via sms ang\u00e5ende p\u00e5g\u00e5ende<br>leverans.<\/p><p><br><strong>UNCOLLECTED PACKAGES<br><\/strong>Ditt paket ligger kvar p\u00e5 utl\u00e4mningsst\u00e4llet olika l\u00e4nge beroende p\u00e5 respektive leverant\u00f6rs<br>best\u00e4mmelser, d\u00e4refter skickas det tillbaka till v\u00e5rt e-handels lager. Har du<br>betalat din order men ej h\u00e4mtat ut den, kommer du automatiskt krediteras summan p\u00e5<br>produkterna (men ej f\u00f6r fraktkostnaden) n\u00e4r vi hanterat din leverans. OCT October Colour Technologies AB<br>tar \u00e4ven ut en administrativ avgift p\u00e5 150 kr vid ej uth\u00e4mtad leverans.<\/p><p><strong>V\u00c5R R\u00c4TT ATT NEKA BEST\u00c4LLNINGAR<br><\/strong>Vi f\u00f6rbeh\u00e5ller sig r\u00e4tten att neka best\u00e4llningar, exempelvis om<br>rabattcheckar som du inte har mottagit direkt fr\u00e5n oss har anv\u00e4nts vid en<br>best\u00e4llning eller neka varuprover vid upprepade best\u00e4llningar som understiger ett visst<br>belopp.<\/p><p><br><strong>FORCE MAJEURE<br><\/strong>OCT October Colour Technologies AB \u00e4r inte skyldig att fullg\u00f6ra k\u00f6pet om det f\u00f6religger ett hinder som<br>vi inte kan \u00f6vervinna eller fullg\u00f6relsen skulle f\u00f6ruts\u00e4tta uppoffringar<br>som inte \u00e4r rimliga med h\u00e4nsyn till kundens intresse av att vi fullg\u00f6r<br>k\u00f6pet. Kunden har inte heller r\u00e4tt till ers\u00e4ttning f\u00f6r den skada som kunden lider genom<br>OCT October Colour Technologies AB dr\u00f6jsm\u00e5l eller fel om dr\u00f6jsm\u00e5let eller felet beror p\u00e5 ett hinder utanf\u00f6r<br>v\u00e5r kontroll som inte sk\u00e4ligen kunde f\u00f6rv\u00e4ntas ha<br>r\u00e4knat med vid k\u00f6pet och inte heller sk\u00e4ligen kunde ha<br>undvikit eller \u00f6vervunnit.<\/p><p><br><strong>ORDER- AND DELIVERY CONFIRMATION\/ RECIPT<br><\/strong>N\u00e4r du slutf\u00f6rt en best\u00e4llning s\u00e5 f\u00e5r du en orderbekr\u00e4ftelse via e-post. Om du inte f\u00e5tt en<br>orderbekr\u00e4ftelse, v\u00e4nligen kontrollera att din e-postadress st\u00e4mmer och meddela<br>v\u00e5r kundservice s\u00e5 skickar vi om bekr\u00e4ftelsen.<br>N\u00e4r varorna skickas fr\u00e5n v\u00e5rt e-handelslager f\u00e5r du \u00e4ven en<br>leveransbekr\u00e4ftelse\/kvitto via e-post. Avtalet mellan dig och och OCT October Colour Technologies AB om<br>leverans av dina best\u00e4llda produkter uppst\u00e5r n\u00e4r du f\u00e5r en leveransbekr\u00e4ftelse.<\/p><p><br><strong>EXCHANGE, RIGHT OF WITHDRAWAL AND COMPLAINT<br><\/strong>Retur kan g\u00f6ras genom att varan skickas till v\u00e5rt e-handelslager.<br>Returadressen \u00e4r:<br>OCT October Colour Technologies AB<br>Sn\u00f6droppsgr\u00e4nd, 165 74\u00a0 H\u00c4SSELBY<br>Sweden<\/p><p><br>OCT October Colour Technologies AB ansvarar inte f\u00f6r varan under den tid som den skickas tillbaka till<br>oss fr\u00e5n kund med anledning av \u00e5ngerr\u00e4tt eller reklamation.<\/p><p><br><strong>EXCHANGE<br><\/strong>Som kund har du r\u00e4tt att byta best\u00e4lld vara inom 14 dagar efter att du mottagit varan*.<br>Bytet kan ske hos OCT October Colour Technologies AB e-handel och du f\u00e5r d\u00e5 ut\u00f6va din \u00e5ngerr\u00e4tt. F\u00f6r<br>att byta varan mot en annan vara skall den \u00e5terl\u00e4mnas oanv\u00e4nd, i oskadat skick.<br>*F\u00f6r julhandeln g\u00e4ller f\u00f6rl\u00e4ngd bytesr\u00e4tt t.o.m. 23 januari p\u00e5 k\u00f6p genomf\u00f6rda mellan 14<br>november t.o.m 24 december.<\/p><p><br><strong>RIGHT OF WITHDRAWAL<br><\/strong>Du har alltid r\u00e4tt att \u00e5ngra din best\u00e4llning inom 14 dagar* vid k\u00f6p p\u00e5 OCT October Colour Technologies AB e-handel. \u00c5ngerperioden r\u00e4knas fr\u00e5n det datum d\u00e5 du eller n\u00e5gon av dig angiven person<br>mottog den sista varan\/varorna i din best\u00e4llning. Fr\u00e5n \u00e5ngerr\u00e4tten undantas vissa<br>produkter. P\u00e5 grund av h\u00e4lso- och hygiensk\u00e4l omfattas inte produkter som med bruten<br>f\u00f6rsegling inte l\u00e4mpligen kan \u00e5terl\u00e4mnas om f\u00f6rseglingen eller originalf\u00f6rpackning har<br>brutits av konsumenten, t.ex. om kunden har brutit emballage eller annan plombering av<br>produkten.<\/p><p>*F\u00f6r julhandeln g\u00e4ller f\u00f6rl\u00e4ngd \u00e5ngerr\u00e4tt t.o.m. 23 januari p\u00e5 k\u00f6p genomf\u00f6rda mellan 14<br>november t.o.m 24 december.<\/p><p><br><strong>USE OF RIGHT OF WITHDRAWAL<br><\/strong>Enklaste s\u00e4ttet att \u00e5ngra en vara \u00e4r att v\u00e4nda sig till oss via epost order@octoberstockholm.com<br>. Om du ist\u00e4llet vill skicka tillbaka varan till e-handel v\u00e4nligen kontakta<br>alltid v\u00e5r kundservice per telefon eller e-post, se kontaktuppgifter ovan,<br>innan du returnerar varan. Om du vill kan du anv\u00e4nda den standardblankett f\u00f6r ut\u00f6vande<br>av \u00e5ngerr\u00e4tt som Konsumentverket tagit fram (se \u00c5ngerblankett).<\/p><p><br>Om du v\u00e4ljer att skicka tillbaka produkten ska produkten skickas till OCT October Colour Technologies AB inom 14 dagar r\u00e4knat fr\u00e5n det datum du meddelade oss att du \u00e5ngrar dig.<br>Senast 14 dagar efter det att vi blev informerade om ditt beslut att \u00e5ngra din best\u00e4llning<br>f\u00e5r du din \u00e5terbetalning. Vi kommer att anv\u00e4nda oss av samma betalningss\u00e4tt som du<br>anv\u00e4nde vid din best\u00e4llning om du inte uttryckligen g\u00e5r med p\u00e5 n\u00e5got annat. Detta<br>kommer inte att medf\u00f6ra n\u00e5gra extra avgifter f\u00f6r dig. Vi har r\u00e4tt att avvakta med<br>\u00e5terbetalningen till dess att vi har mottagit varorna eller du har tillhandah\u00e5llit bevis p\u00e5 att<br>du har skickat tillbaka varorna, vilket som \u00e4n intr\u00e4ffar f\u00f6rst.<\/p><p><br><strong>GIFTS AND PRODUCT SAMPLES WHEN PURCHASING<br><\/strong>Vid retur av k\u00f6pta produkter ska g\u00e5vor och varuprover, som har erh\u00e5llits med anledning av kundens k\u00f6p, ocks\u00e5 returneras av kunden.<\/p><p><br><strong>ALLERGIC REAKTION<br><\/strong>Om du har du f\u00e5tt en allergisk reaktion av n\u00e5gon produkt du k\u00f6pt hos oss<br>g\u00e5r det bra att kontakta v\u00e5r kundservice. Vi registrerar aldrig uppgifter om<br>din h\u00e4lsa eller l\u00e4mnar rekommendationer om din h\u00e4lsa eller allergiska reaktioner.<\/p><p><br><strong>WARRANTY OF ELECTRICAL PRODUCTS<br><\/strong>OCT October Colour Technologies AB l\u00e4mnar 2 \u00e5rs garanti p\u00e5 elprodukter. Ett fel som visar sig p\u00e5<br>elprodukter inom garantitiden ska anses ha funnits vid k\u00f6pet. Skulle varan vara trasig<br>eller felaktig \u00e4r enklaste s\u00e4ttet att kontakta v\u00e5r kundcervice f\u00f6r att<br>reklamera varan. <br>Trasiga El produkter l\u00e4mnar ni in till n\u00e4rmaste milj\u00f6station inom kommunen. L\u00e4s mer om<br>hur du \u00e5tervinner elektronik p\u00e5 kommunens hemsida eller p\u00e5 elkretsen.se.<\/p><p><strong>PAYMENT AND PRICES<br>SECURE PAYMENT<\/strong><br>Att handla p\u00e5 v\u00e5r e-handel \u00e4r s\u00e4kert och enkelt. Du v\u00e4ljer mellan<br>fakturabetalning, delbetalning (Klarna Konto), direktbetalning genom din bank eller<br>kortbetalning d\u00e4r ditt bank- eller kreditkort \u00e4r anslutet till Visa eller Mastercard\/Eurocard.<br>Mer information om de olika betalningsalternativen finns under respektive rubrik nedan.<\/p><p><br><strong>CARD PAYMENT<br><\/strong>Du som har ett bank- eller kreditkort anslutet till Visa, Mastercard\/Eurocard, Electron,<br>Maestrokort eller American Express kan betala genom ditt kontokort. N\u00e4r du v\u00e4ljer detta<br>betalningsalternativ reserveras beloppet p\u00e5 ditt kontokort vid din best\u00e4llning och<br>betalning genomf\u00f6rs f\u00f6rst n\u00e4r varorna skickas till dig.<\/p><p>Oct Cosmetic erbjuder via sina betalningsleverant\u00f6rer de senaste systemen f\u00f6r<br>s\u00e4krare betalningar. Detta inneb\u00e4r ibland att du m\u00e5ste aktivera s\u00e5dana via din bank. Om<br>ditt kortk\u00f6p nekas p\u00e5 grund av detta, anv\u00e4nd fakturabetalning eller kontakta din bank f\u00f6r<br>aktivering av s\u00e4krare kortk\u00f6p p\u00e5 n\u00e4tet.<\/p><p><br><strong>INVOICE<br><\/strong>Fakturan skickas via mail fr\u00e5n Klarna. Fakturan \u00f6verl\u00e5ts till v\u00e5r samarbetspartner, Klarna<br>AB, som g\u00f6r en f\u00f6renklad kreditpr\u00f6vning utan k\u00e4nnedomskopia. Vid fakturabetalning<br>sker leverans av best\u00e4llda varor till folkbokf\u00f6rd adress. F\u00f6r Klarnas villkor om faktura<br>som betalningsalternativ, klicka h\u00e4r.<\/p><p><br><strong>PARTIAL PAYMENT (KLARNA ACCOUNT)<br><\/strong>Om du v\u00e4ljer delbetalning som betalningsalternativ, v\u00e4ljer du sj\u00e4lv varje m\u00e5nad hur<br>mycket du vill betala. Delbetalning hanteras av v\u00e5r samarbetspartner, Klarna AB.<br>Leverans av delbetalda varor sker endast till folkbokf\u00f6rd adress. F\u00f6r Klarnas villkor om<br>delbetalning som betalningsalternativ, klicka h\u00e4r.<br>Direct payment through your bank<\/p><p><br><strong>PRICES<br><\/strong>Alla v\u00e5ra priser anges i svenska kronor och inkluderar moms, momsen redovisas p\u00e5<br>orderbekr\u00e4ftelsen\/ kvittot.<\/p><p><br><strong>GIFT CARD<br><\/strong>V\u00e5ra presentkort fungerar \u00e4ven p\u00e5 v\u00e5r e-handel. N\u00e4r du l\u00f6ser in ditt<br>presentkort v\u00e4ljer du sj\u00e4lv hur stor del av beloppet du vill anv\u00e4nda.<br>Presentkorten finns att k\u00f6pa i v\u00e5ra h\u00e5rstudios, p\u00e5 hemsidan. Presentkort \u00e4r giltigt som betalning f\u00f6r varor i v\u00e5ra h\u00e5rstudios och p\u00e5 OCT October Colour Technologies AB e-handel. Presentkortet g\u00e5r ej att byta mot kontanter.<\/p><p><br><strong>PRODUCT INFORMATION AND PICTURES<br><\/strong>OCT October Colour Technologies AB g\u00f6r sitt b\u00e4sta f\u00f6r att tillhandah\u00e5lla s\u00e5 korrekt produktinformation som<br>m\u00f6jligt. Vi rekommenderar dock att du alltid dubbelkollar produktinformation och<br>inneh\u00e5llsf\u00f6rteckning p\u00e5 f\u00f6rpackningen n\u00e4r du f\u00e5r din leverans, s\u00e4rskilt om du \u00e4r allergisk<br>eller \u00f6verk\u00e4nslig mot n\u00e5got \u00e4mne.<\/p><p><br>F\u00f6rpackningarna p\u00e5 v\u00e5ra produkter kan variera i utseende. I vissa fall kan en annan<br>storlek \u00e4n den som erbjuds vara avbildad, d\u00e4rf\u00f6r \u00e4r det alltid den skriftliga informationen<br>ang\u00e5ende volym som g\u00e4ller.<\/p><p><br>Observera att f\u00e4rgproverna p\u00e5 produkter p\u00e5 v\u00e5r e-handel kan variera<br>beroende p\u00e5 din bildsk\u00e4rm samt dina individuella sk\u00e4rminst\u00e4llningar.<br>Allt inneh\u00e5ll p\u00e5 www.octoberstockholm.com \u00e4gs av OCT October Colour Technologies AB. Informationen \u00e4r<br>skyddad genom bland annat immaterialr\u00e4ttsliga och marknadsr\u00e4ttsliga lagar. Detta<br>inneb\u00e4r att varum\u00e4rken, firmanamn, produktnamn, bilder och grafik, design, layout samt<br>information om produkter, tj\u00e4nster och annat inneh\u00e5ll inte f\u00e5r kopieras eller anv\u00e4ndas<br>utan f\u00f6reg\u00e5ende skriftligt medgivande fr\u00e5n oss.<\/p><p><br><strong>EXPIRATION DATE<br><\/strong>P\u00e5 de flesta av v\u00e5ra produkter finns en symbol som ser ut som en burk med \u00f6ppnat lock.<br>Vid symbolen st\u00e5r det antingen 6, 12 eller 24 m\u00e5nader. Detta indikerar produktens<br>h\u00e5llbarhet fr\u00e5n det att den \u00f6ppnas. \u00d6vriga produkter har specifik datummarkering.<br>T\u00e4nk \u00e4ven p\u00e5 att h\u00e5llbarhetstiden p\u00e5verkas av hur du f\u00f6rvarar och anv\u00e4nder produkten.<br>Anv\u00e4nd till exempel inte fingrarna utan en spatel n\u00e4r du tar hudkr\u00e4m ur en burk eftersom<\/p><p>det annars l\u00e4tt sprids bakterier och h\u00e5llbarheten f\u00f6rkortas. Det \u00e4r heller inte bra f\u00f6r<br>sk\u00f6nhetsprodukter att f\u00f6rvaras f\u00f6r varmt eller i direkt solljus, svalt \u00e4r b\u00e4st.<\/p><p><br><strong>APPLICABLE LAW AND DISPUTE<br><\/strong>Vi eventuell tvist f\u00f6ljer vi beslut fr\u00e5n Allm\u00e4nna Reklamationsn\u00e4mnden.<br>Allm\u00e4nna Reklamationsn\u00e4mnden n\u00e5s antingen via hemsidan www.arn.se eller genom<br>adress Box 174, 101 23 Stockholm. Du kan \u00e4ven klaga via EU:s onlineplattform f\u00f6r<br>tvistl\u00f6sning som du n\u00e5r via http:\/\/ec.europa.eu\/consumers\/odr.<\/p><p><br>Dessa villkor ska tolkas i enlighet med svensk lag och, utan hinder av vad som anges<br>under stycket ovan, avg\u00f6ras av allm\u00e4n domstol.<\/p><p><br><strong>CHANGES TO TERMS OF PURCHASE<br><\/strong>OCT October Colour Technologies AB f\u00f6rbeh\u00e5ller sig r\u00e4tten att vidta \u00e4ndringar av k\u00f6pvillkoren.<br>\u00c4ndringar av k\u00f6pvillkoren kommer att informeras p\u00e5 www.octoberstockholm.com. De<br>vid var tid g\u00e4llande villkor finns tillg\u00e4ngliga p\u00e5 www.octoberstockholm<br>.com\/kundservice\/kopvillkor.\u201d<\/p><p><br><strong>OCTOBER STOCKHOLM ONLINE SUPPORT<br><\/strong>Det g\u00e5r bra att kontakta v\u00e5r Online Support ang\u00e5ende fr\u00e5gor eller annat<br>som r\u00f6r OCT October Colour Technologies AB k\u00f6pvillkor, om du vill ha r\u00e5dgivning kring produktval kan du<br>ocks\u00e5 kontakta oss. P\u00e5 v\u00e5r Kundservice arbetar utbildade fris\u00f6rer,<br>makeupartister med stor erfarenhet av October Stockholm sortiment.<\/p><p><br>V\u00e5r Online Support verkar f\u00f6r att vara r\u00e5dgivande f\u00f6r att du som kund ska f\u00e5 r\u00e4tt hj\u00e4lp vid<br>val av produkter. Online Support kan inte garantera att du som kund uppn\u00e5r ditt \u00f6nskade<br>resultat. Det \u00e4r du som kund som har det yttersta ansvaret f\u00f6r dina behandlingar n\u00e4r de<br>utf\u00f6rs p\u00e5 egen hand.&nbsp;<\/p><p><br>Om du har n\u00e5gra fr\u00e5gor kring v\u00e5ra produkter eller behandlingar s\u00e5 n\u00e5r du October<br>Stockholms Online support via:<\/p><ul class=\"wp-block-list\"><li>mail p\u00e5 info@octoberstockholm.com,<\/li>\n\n<li>chatten p\u00e5 v\u00e5r hemsida<\/li>\n\n<li>Instagram och Facebook<\/li>\n\n<li>telefon: 010-350 0100<br>V\u00e5r Online Support har \u00f6ppet mellan 08-19 p\u00e5 vardagar, vi svarar inom 24 timmar p\u00e5<br>helger och r\u00f6da dagar.<\/li><\/ul><hr class=\"wp-block-separator has-alpha-channel-opacity\"\/><p>K\u00f6pvillkoren fastst\u00e4lldes av OCT October Colour Technologies AB den 20 Mars 2019<\/p>","protected":false},"excerpt":{"rendered":"<p>ALLM\u00c4NTDessa k\u00f6pvillkor g\u00e4ller n\u00e4r du som konsument g\u00f6r en best\u00e4llning fr\u00e5n OCT October Colour Technologies e-handel www.octoberstockholm.com. Avtal mellan dig och OCT October Colour Technologies AB omleverans av dina best\u00e4llda [&hellip;]<\/p>","protected":false},"author":2,"featured_media":0,"parent":0,"menu_order":0,"comment_status":"closed","ping_status":"closed","template":"","meta":{"footnotes":""},"class_list":["post-52","page","type-page","status-publish","hentry"],"_links":{"self":[{"href":"https:\/\/octoberstockholm.itrak.se\/en_us\/wp-json\/wp\/v2\/pages\/52"}],"collection":[{"href":"https:\/\/octoberstockholm.itrak.se\/en_us\/wp-json\/wp\/v2\/pages"}],"about":[{"href":"https:\/\/octoberstockholm.itrak.se\/en_us\/wp-json\/wp\/v2\/types\/page"}],"author":[{"embeddable":true,"href":"https:\/\/octoberstockholm.itrak.se\/en_us\/wp-json\/wp\/v2\/users\/2"}],"replies":[{"embeddable":true,"href":"https:\/\/octoberstockholm.itrak.se\/en_us\/wp-json\/wp\/v2\/comments?post=52"}],"version-history":[{"count":0,"href":"https:\/\/octoberstockholm.itrak.se\/en_us\/wp-json\/wp\/v2\/pages\/52\/revisions"}],"wp:attachment":[{"href":"https:\/\/octoberstockholm.itrak.se\/en_us\/wp-json\/wp\/v2\/media?parent=52"}],"curies":[{"name":"wp","href":"https:\/\/api.w.org\/{rel}","templated":true}]}}