{"id":54,"date":"2022-09-21T14:09:01","date_gmt":"2022-09-21T14:09:01","guid":{"rendered":"https:\/\/octoberstockholm.itrak.se\/?page_id=54"},"modified":"2024-09-04T19:54:23","modified_gmt":"2024-09-04T19:54:23","slug":"truecolour","status":"publish","type":"page","link":"https:\/\/octoberstockholm.itrak.se\/en_us\/truecolour\/","title":{"rendered":"True colour"},"content":{"rendered":"<div class=\"wp-block-columns is-layout-flex wp-container-core-columns-is-layout-1 wp-block-columns-is-layout-flex\"><div class=\"wp-block-column is-layout-flow wp-block-column-is-layout-flow\"><div class=\"wp-block-media-text is-stacked-on-mobile textmedia\"><figure class=\"wp-block-media-text__media\"><img decoding=\"async\" src=\"https:\/\/octoberstockholm.itrak.se\/wp-content\/uploads\/10-16-getthelook.jpg\" alt=\"\" class=\"wp-image-1035 size-full\"\/><\/figure><div class=\"wp-block-media-text__content\"><h3 class=\"wp-block-heading\" id=\"h-get-the-look\">GET THE LOOK<\/h3>\n\n<p>Pearl Blond<\/p>\n\n<p><a href=\"\/en_us\/elements\/get-the-look-1\/\" data-type=\"URL\" data-id=\"\/elements\/get-the-look-1\/\">READ MORE<\/a><\/p><\/div><\/div><\/div>\n\n<div class=\"wp-block-column is-layout-flow wp-block-column-is-layout-flow\"><div class=\"wp-block-media-text is-stacked-on-mobile textmedia\"><figure class=\"wp-block-media-text__media\"><img loading=\"lazy\" decoding=\"async\" width=\"1080\" height=\"1080\" src=\"https:\/\/octoberstockholm.itrak.se\/wp-content\/uploads\/brunette.jpg\" alt=\"\" class=\"wp-image-1029 size-full\" srcset=\"https:\/\/octoberstockholm.itrak.se\/wp-content\/uploads\/brunette.jpg 1080w, https:\/\/octoberstockholm.itrak.se\/wp-content\/uploads\/brunette-500x500.jpg 500w, https:\/\/octoberstockholm.itrak.se\/wp-content\/uploads\/brunette-200x200.jpg 200w, https:\/\/octoberstockholm.itrak.se\/wp-content\/uploads\/brunette-768x768.jpg 768w, https:\/\/octoberstockholm.itrak.se\/wp-content\/uploads\/brunette-920x920.jpg 920w, https:\/\/octoberstockholm.itrak.se\/wp-content\/uploads\/brunette-575x575.jpg 575w, https:\/\/octoberstockholm.itrak.se\/wp-content\/uploads\/brunette-380x380.jpg 380w, https:\/\/octoberstockholm.itrak.se\/wp-content\/uploads\/brunette-800x800.jpg 800w, https:\/\/octoberstockholm.itrak.se\/wp-content\/uploads\/brunette-100x100.jpg 100w\" sizes=\"(max-width: 1080px) 100vw, 1080px\" \/><\/figure><div class=\"wp-block-media-text__content\"><h3 class=\"wp-block-heading\" id=\"h-get-the-look-0\">GET THE LOOK<\/h3>\n\n<p>Nougat brown<\/p>\n\n<p><a href=\"\/en_us\/elements\/nougat-brown\/\">READ MORE<\/a><\/p><\/div><\/div><\/div>\n\n<div class=\"wp-block-column is-layout-flow wp-block-column-is-layout-flow\"><div class=\"wp-block-media-text is-stacked-on-mobile textmedia\"><figure class=\"wp-block-media-text__media\"><img decoding=\"async\" src=\"https:\/\/octoberstockholm.itrak.se\/wp-content\/uploads\/7-71getthelook.jpg\" alt=\"\" class=\"wp-image-1037 size-full\"\/><\/figure><div class=\"wp-block-media-text__content\"><h3 class=\"wp-block-heading\" id=\"h-get-the-look-1\">GET THE LOOK<\/h3>\n\n<p>Chocolate brown<\/p>\n\n<p><a href=\"http:\/\/elements\/gtl5\/\">READ MORE<\/a><\/p><\/div><\/div><\/div><\/div><div style=\"height:31px\" aria-hidden=\"true\" class=\"wp-block-spacer\"><\/div><div class=\"wp-block-buttons is-content-justification-center is-layout-flex wp-container-core-buttons-is-layout-1 wp-block-buttons-is-layout-flex\"><div class=\"wp-block-button\"><a class=\"wp-block-button__link wp-element-button\" href=\"\/en_us\/get-the-look\/\">SE ALLA GET THE LOOK<\/a><\/div><\/div><h2 class=\"wp-block-heading\" id=\"h-instruktioner-nbsp\">INSTRUCTIONS:&nbsp;<\/h2><p>Olika val av&nbsp;Activator&nbsp;Emulsion Cream: <\/p><p>5 vol.\u00a0(1.5%) \u2013\u00a0F\u00f6r\u00a0m\u00f6rkare med en niv\u00e5 eller\u00a0inf\u00e4rgning efter blekt h\u00e5r.<\/p><p>20 vol. (6%)\u00a0\u2013\u00a0F\u00f6r att f\u00e4rga\u00a0h\u00e5rton\u00a0p\u00e5 ton, t\u00e4cka gr\u00e5tt h\u00e5r eller bli ljusare med 2 steg p\u00e5 naturligt of\u00e4rgat h\u00e5r.\u00a0<\/p><p>D\u00e5 v\u00e5r f\u00e4rg \u00e4r mycket dryg och tuben inneh\u00e5ller 100 ml s\u00e5 kan man med f\u00f6rdel anv\u00e4nda halva tuben och halva activatorn till en bottenf\u00e4rg eller ett halv l\u00e5ngt h\u00e5r tex. Alla f\u00e4rger \u00e4r blandningsbara s\u00e5 man kan blanda sig sin \u00f6nskade nyans. <\/p><p>Beh\u00f6ver Du hj\u00e4lp?&nbsp;V\u00e5ra professionella h\u00e5rf\u00e4rgskonsulter finns&nbsp;alltid redo&nbsp;att hj\u00e4lpa dig, oavsett om det \u00e4r hj\u00e4lp vid val av f\u00e4rg eller n\u00e4r du skall f\u00e4rga ditt h\u00e5r hemma.&nbsp;R\u00e5dgivningen \u00e4r kostnadsfri n\u00e4r du har valt att anv\u00e4nda&nbsp;October&nbsp;Stockholm Permanent&nbsp;Hair&nbsp;Colour&nbsp;\u2013&nbsp;True&nbsp;COLOUR.<\/p><div style=\"height:100px\" aria-hidden=\"true\" class=\"wp-block-spacer\"><\/div><div class=\"wp-block-columns is-layout-flex wp-container-core-columns-is-layout-3 wp-block-columns-is-layout-flex\"><div class=\"wp-block-column is-layout-flow wp-block-column-is-layout-flow\"><div class=\"wp-block-columns is-layout-flex wp-container-core-columns-is-layout-2 wp-block-columns-is-layout-flex\"><div class=\"wp-block-column is-layout-flow wp-block-column-is-layout-flow\"><p><strong>1 PART<\/strong><\/p>\n\n<figure class=\"wp-block-image size-full\"><img loading=\"lazy\" decoding=\"async\" width=\"248\" height=\"400\" src=\"https:\/\/octoberstockholm.itrak.se\/wp-content\/uploads\/1st-one-pettp1mwuwuxd55rm5qbthfy3pz1fmp8cwj7ylrugw.png\" alt=\"\" class=\"wp-image-1438\"\/><\/figure>\n\n<p>Permanent hair<br>Colour creme<\/p><\/div>\n\n<div class=\"wp-block-column is-layout-flow wp-block-column-is-layout-flow\"><p><strong>1.5 PART<\/strong><\/p>\n\n<figure class=\"wp-block-image size-full\"><img loading=\"lazy\" decoding=\"async\" width=\"216\" height=\"300\" src=\"https:\/\/octoberstockholm.itrak.se\/wp-content\/uploads\/ACTIVATOR_5vol-1-pettpik09xhipj4wjad5j9c8et7g0al7tqs4kmjt34.png\" alt=\"\" class=\"wp-image-1437\"\/><\/figure>\n\n<p>Toner activator<br>Emulsion Cream 5 vol.<\/p><\/div><\/div><\/div>\n\n<div class=\"wp-block-column is-layout-flow wp-block-column-is-layout-flow\"><h3 class=\"wp-block-heading\" id=\"h-farguppfraschning-och-nyansforstarkning\">Colour uplifting och shade reinforcement<\/h3>\n\n<p><strong>PREPARATION<\/strong>: Blanda en del h\u00e5rf\u00e4rgskr\u00e4m och en och en halv del 5 vol Toner\u00a0Activator\u00a0Emulsion Cream (1: 1,5) i en icke-metallisk sk\u00e5l. Tex. 1 dl f\u00e4rgmassa till 1,5 dl Activator. <\/p>\n\n<p>(Tips om du vill f\u00e5 en mjuk gr\u00e5h\u00e5rs t\u00e4ckning ca 70% t\u00e4ckande blanda likdelar 5 vol Toner Aktivator till lika delar f\u00e4rgmassa)<\/p>\n\n<p><strong>USE<\/strong>: Applicera den iordninggjorda f\u00e4rgblandningen j\u00e4mnt i torrt eller handdukstorkat h\u00e5r och l\u00e5t verka i ca 20 minuter; efter f\u00e4rgblandningen verkat klart sk\u00f6lj h\u00e5ret f\u00f6rsiktigt med varmt vatten och schampo f\u00f6r f\u00e4rgat h\u00e5r.\u00a0<\/p>\n\n<div class=\"wp-block-group timebox\"><div class=\"wp-block-group__inner-container is-layout-flow wp-block-group-is-layout-flow\"><figure class=\"wp-block-image size-full\"><img loading=\"lazy\" decoding=\"async\" width=\"70\" height=\"70\" src=\"https:\/\/octoberstockholm.itrak.se\/wp-content\/uploads\/circle-peu6w71wgoe6j7bnthj2let1kf5ye7ctezplj6hq2k.jpg\" alt=\"\" class=\"wp-image-1610\"\/><\/figure>\n\n<p><strong>20 min.<\/strong><\/p><\/div><\/div><\/div><\/div><hr class=\"wp-block-separator has-alpha-channel-opacity is-style-wide\"\/><div class=\"wp-block-columns is-layout-flex wp-container-core-columns-is-layout-5 wp-block-columns-is-layout-flex\"><div class=\"wp-block-column is-layout-flow wp-block-column-is-layout-flow\"><div class=\"wp-block-columns is-layout-flex wp-container-core-columns-is-layout-4 wp-block-columns-is-layout-flex\"><div class=\"wp-block-column is-layout-flow wp-block-column-is-layout-flow\"><p><strong>1 PART<\/strong><\/p>\n\n<figure class=\"wp-block-image size-full\"><img loading=\"lazy\" decoding=\"async\" width=\"248\" height=\"400\" src=\"https:\/\/octoberstockholm.itrak.se\/wp-content\/uploads\/1st-one-pettp1mwuwuxd55rm5qbthfy3pz1fmp8cwj7ylrugw.png\" alt=\"\" class=\"wp-image-1438\"\/><\/figure>\n\n<p>Permanent hair<br>Colour creme<\/p><\/div>\n\n<div class=\"wp-block-column is-layout-flow wp-block-column-is-layout-flow\"><p><strong>1.5 PART<\/strong><\/p>\n\n<figure class=\"wp-block-image size-full\"><img loading=\"lazy\" decoding=\"async\" width=\"216\" height=\"300\" src=\"https:\/\/octoberstockholm.itrak.se\/wp-content\/uploads\/ACTIVATOR_5vol-1-pettpik09xhipj4wjad5j9c8et7g0al7tqs4kmjt34.png\" alt=\"\" class=\"wp-image-1437\"\/><\/figure>\n\n<p>Permanent aktivator<br>Emulsionskr\u00e4m<br>20 vol.<\/p><\/div><\/div><\/div>\n\n<div class=\"wp-block-column is-layout-flow wp-block-column-is-layout-flow\"><h3 class=\"wp-block-heading\" id=\"h-tacka-gratt-nbsp-harbotten-farg\">Cover grey hair\/ roots<\/h3>\n\n<p><strong>PREPARATION<\/strong>: Blanda en del h\u00e5rf\u00e4rgskr\u00e4m och en del\u00a020 vol Permanent\u00a0Activator\u00a0Emulsion Cream (1: 1) F\u00f6r 100% gr\u00e5h\u00e5rs t\u00e4ckning i en icke-metallisk sk\u00e5l. <\/p>\n\n<figure class=\"wp-block-image size-full is-resized\"><img loading=\"lazy\" decoding=\"async\" width=\"70\" height=\"70\" src=\"https:\/\/octoberstockholm.itrak.se\/wp-content\/uploads\/45min-peu7k5xquz2ldrg7tvnqkaa0osopit9180nl2ys2sg-e1666264696917.jpg\" alt=\"\" class=\"wp-image-1611\" style=\"width:46px;height:auto\"\/><\/figure>\n\n<p><strong>45 min.<\/strong><\/p>\n\n<p>Vid uppljusning av naturligt of\u00e4rgat h\u00e5r 2 steg  1 dl f\u00e4rgmassa till 1,5 dl 20 vol Activator samma blandning vid inf\u00e4rgning uppfr\u00e4schning av f\u00e4rg.<\/p>\n\n<p><strong>USE<\/strong>: Applicera den iordninggjorda f\u00e4rgblandningen j\u00e4mnt i torrt eller handdukstorkat h\u00e5r och l\u00e5t verka i ca\u00a045\u00a0minuter f\u00e5r 1005 gr\u00e5h\u00e5rs t\u00e4ckande; efter f\u00e4rgblandningen verkat klart sk\u00f6lj h\u00e5ret f\u00f6rsiktigt med varmt vatten och schampo f\u00f6r f\u00e4rgat h\u00e5r. <\/p>\n\n<p>Vid uppljusning\/ inf\u00e4rgning 30 min verkningstid.<\/p>\n\n<figure class=\"wp-block-image size-full is-resized\"><img loading=\"lazy\" decoding=\"async\" width=\"70\" height=\"70\" src=\"https:\/\/octoberstockholm.itrak.se\/wp-content\/uploads\/image.png\" alt=\"\" class=\"wp-image-42209\" style=\"width:46px;height:auto\" srcset=\"https:\/\/octoberstockholm.itrak.se\/wp-content\/uploads\/image.png 70w, https:\/\/octoberstockholm.itrak.se\/wp-content\/uploads\/image-12x12.png 12w\" sizes=\"(max-width: 70px) 100vw, 70px\" \/><\/figure>\n\n<div class=\"wp-block-group timebox\"><div class=\"wp-block-group__inner-container is-layout-flow wp-block-group-is-layout-flow\"><p><strong>30 min.<\/strong><\/p><\/div><\/div><\/div><\/div><hr class=\"wp-block-separator has-alpha-channel-opacity is-style-wide\"\/><div class=\"wp-block-columns is-layout-flex wp-container-core-columns-is-layout-7 wp-block-columns-is-layout-flex\"><div class=\"wp-block-column is-layout-flow wp-block-column-is-layout-flow\"><div class=\"wp-block-columns is-layout-flex wp-container-core-columns-is-layout-6 wp-block-columns-is-layout-flex\"><div class=\"wp-block-column is-layout-flow wp-block-column-is-layout-flow\"><p><strong>1 PART<\/strong><\/p>\n\n<figure class=\"wp-block-image size-full\"><img loading=\"lazy\" decoding=\"async\" width=\"248\" height=\"400\" src=\"https:\/\/octoberstockholm.itrak.se\/wp-content\/uploads\/1st-one-pettp1mwuwuxd55rm5qbthfy3pz1fmp8cwj7ylrugw.png\" alt=\"\" class=\"wp-image-1438\"\/><\/figure>\n\n<p>Permanent hair<br>Colour creme<\/p><\/div>\n\n<div class=\"wp-block-column is-layout-flow wp-block-column-is-layout-flow\"><p><strong>1.5 PART<\/strong><\/p>\n\n<figure class=\"wp-block-image size-full\"><img loading=\"lazy\" decoding=\"async\" width=\"216\" height=\"300\" src=\"https:\/\/octoberstockholm.itrak.se\/wp-content\/uploads\/ACTIVATOR_5vol-1-pettpik09xhipj4wjad5j9c8et7g0al7tqs4kmjt34.png\" alt=\"\" class=\"wp-image-1437\"\/><\/figure>\n\n<p>Permanent aktivator<br>Emulsionskr\u00e4m<br>20 vol.<\/p><\/div><\/div><\/div>\n\n<div class=\"wp-block-column is-layout-flow wp-block-column-is-layout-flow\"><h3 class=\"wp-block-heading\" id=\"h-infargning-och-ton-i-ton\">Colouring tone to tone<\/h3>\n\n<p><strong>PREPARATION<\/strong>: Blanda en del h\u00e5rf\u00e4rgskr\u00e4m och en och en halv del Permanent&nbsp;Activator&nbsp;Emulsion Cream (1: 1,5) i en icke-metallisk sk\u00e5l. Tex. 1 dl f\u00e4rgmassa till 1,5 dl Activator.&nbsp;<\/p>\n\n<p>N\u00e4r du anv\u00e4nder nyanser fr\u00e5n Superlift-serien (12.00   12.16.  12.11. 12.02), blanda en del kr\u00e4m och tv\u00e5 delar 20 vol Permanent Activator\u00a0Emulsion Cream (1: 2).\u00a0Ljusar upp naturligt h\u00e5r 2-3 steg om man vill g\u00e5 ljusare s\u00e5 m\u00e5ste man anv\u00e4nda h\u00f6gre syrra p\u00e5  Activator.<\/p>\n\n<p><strong>USE<\/strong>: Applicera den iordninggjorda f\u00e4rgblandningen j\u00e4mnt i torrt eller handdukstorkat h\u00e5r och l\u00e5t verka i ca\u00a030\u00a0minuter; efter f\u00e4rgblandningen verkat klart sk\u00f6lj h\u00e5ret f\u00f6rsiktigt med varmt vatten och schampo f\u00f6r f\u00e4rgat h\u00e5r.<\/p>\n\n<div class=\"wp-block-group timebox\"><div class=\"wp-block-group__inner-container is-layout-flow wp-block-group-is-layout-flow\"><figure class=\"wp-block-image size-full is-resized\"><img loading=\"lazy\" decoding=\"async\" width=\"70\" height=\"70\" src=\"https:\/\/octoberstockholm.itrak.se\/wp-content\/uploads\/30min-peu7k422hb00qjiy4uuhfar3i0xz3f1kjrcm4euv4w-e1666264683719.jpg\" alt=\"\" class=\"wp-image-1613\" style=\"width:48px;height:auto\"\/><\/figure>\n\n<p><strong>30 min.<\/strong><\/p><\/div><\/div><\/div><\/div><hr class=\"wp-block-separator has-alpha-channel-opacity is-style-wide\"\/><div class=\"wp-block-columns is-layout-flex wp-container-core-columns-is-layout-9 wp-block-columns-is-layout-flex\"><div class=\"wp-block-column is-layout-flow wp-block-column-is-layout-flow\"><div class=\"wp-block-columns is-layout-flex wp-container-core-columns-is-layout-8 wp-block-columns-is-layout-flex\"><div class=\"wp-block-column is-layout-flow wp-block-column-is-layout-flow\"><p><strong>1 PART<\/strong><\/p>\n\n<figure class=\"wp-block-image size-full\"><img loading=\"lazy\" decoding=\"async\" width=\"248\" height=\"400\" src=\"https:\/\/octoberstockholm.itrak.se\/wp-content\/uploads\/1st-one-pettp1mwuwuxd55rm5qbthfy3pz1fmp8cwj7ylrugw.png\" alt=\"\" class=\"wp-image-1438\"\/><\/figure>\n\n<p>Permanent hair<br>Colour creme<\/p><\/div>\n\n<div class=\"wp-block-column is-layout-flow wp-block-column-is-layout-flow\"><p><strong>1.5 PART<\/strong><\/p>\n\n<figure class=\"wp-block-image size-full\"><img loading=\"lazy\" decoding=\"async\" width=\"216\" height=\"300\" src=\"https:\/\/octoberstockholm.itrak.se\/wp-content\/uploads\/ACTIVATOR_5vol-1-pettpik09xhipj4wjad5j9c8et7g0al7tqs4kmjt34.png\" alt=\"\" class=\"wp-image-1437\"\/><\/figure>\n\n<p>Permanent aktivator<br>Emulsionskr\u00e4m<br>20 vol.<\/p><\/div><\/div><\/div>\n\n<div class=\"wp-block-column is-layout-flow wp-block-column-is-layout-flow\"><h3 class=\"wp-block-heading\" id=\"h-fargning-av-utvaxt-nbsp\">Colouring roots&nbsp;<\/h3>\n\n<p><strong>PREPARATION<\/strong>: Blanda en del h\u00e5rf\u00e4rgskr\u00e4m och en och en halv del 20 vol Permanent\u00a0Activator\u00a0Emulsion Cream (1: 1,5) i en icke-metallisk sk\u00e5l. Tex. 1 dl f\u00e4rgmassa till 1,5 dl Activator.\u00a0<\/p>\n\n<p><strong>USE<\/strong>: Applicate the mixed colour creme on the roots in dry unwashed hair and let it sit full time. Applicate colour on the lengths for the last 5-15 min to refresh the colour.  Wash with warm water and shampoo.&nbsp;<\/p>\n\n<div class=\"wp-block-group timebox\"><div class=\"wp-block-group__inner-container is-layout-flow wp-block-group-is-layout-flow\"><figure class=\"wp-block-image size-full is-resized\"><img loading=\"lazy\" decoding=\"async\" width=\"70\" height=\"70\" src=\"https:\/\/octoberstockholm.itrak.se\/wp-content\/uploads\/30min-peu7k422hb00qjiy4uuhfar3i0xz3f1kjrcm4euv4w-e1666264683719.jpg\" alt=\"\" class=\"wp-image-1613\" style=\"width:51px;height:auto\"\/><\/figure>\n\n<p><strong>30 min.<\/strong><\/p><\/div><\/div><\/div><\/div><p>Man kan inte ljusa upp en f\u00e4rg man har sedan tidigare i h\u00e5ret med att ta en ljusare f\u00e4rg f\u00f6r f\u00e4rg ljus\u00e5r inte upp f\u00e4rgat h\u00e5r. D\u00e5 m\u00e5ste man rensa h\u00e5ret med Reboot och bleka upp h\u00e5ret med True blond Plex. <\/p><figure class=\"wp-block-image size-large\"><img loading=\"lazy\" decoding=\"async\" width=\"1519\" height=\"1600\" src=\"https:\/\/octoberstockholm.itrak.se\/wp-content\/uploads\/Vector-Smart-Object-1519x1600.png\" alt=\"\" class=\"wp-image-1402\" srcset=\"https:\/\/octoberstockholm.itrak.se\/wp-content\/uploads\/Vector-Smart-Object-1519x1600.png 1519w, https:\/\/octoberstockholm.itrak.se\/wp-content\/uploads\/Vector-Smart-Object-475x500.png 475w, https:\/\/octoberstockholm.itrak.se\/wp-content\/uploads\/Vector-Smart-Object-768x809.png 768w, https:\/\/octoberstockholm.itrak.se\/wp-content\/uploads\/Vector-Smart-Object-1458x1536.png 1458w, https:\/\/octoberstockholm.itrak.se\/wp-content\/uploads\/Vector-Smart-Object-1140x1201.png 1140w, https:\/\/octoberstockholm.itrak.se\/wp-content\/uploads\/Vector-Smart-Object-920x969.png 920w, https:\/\/octoberstockholm.itrak.se\/wp-content\/uploads\/Vector-Smart-Object-575x606.png 575w, https:\/\/octoberstockholm.itrak.se\/wp-content\/uploads\/Vector-Smart-Object-380x400.png 380w, https:\/\/octoberstockholm.itrak.se\/wp-content\/uploads\/Vector-Smart-Object-800x843.png 800w, https:\/\/octoberstockholm.itrak.se\/wp-content\/uploads\/Vector-Smart-Object.png 1933w\" sizes=\"(max-width: 1519px) 100vw, 1519px\" \/><\/figure><div style=\"height:50px\" aria-hidden=\"true\" class=\"wp-block-spacer\"><\/div><p><\/p><p><\/p><p><strong>SECURITY INSTRUCTIONS<\/strong>&nbsp;: If you \/  as a customer feel stinging, fast-spreading rash, dizziness, breathless \/ or swollen eyes \/ face, wash immediately and cancel the use. Do not colour your hair again and immediately seek medical attention. If you \/ as a customer get problems with your skin or scalp (itching, rash, swollen eyes \/ face, blisters or \/ and crying), immediately seek medical attention. Keep the product of use as a reference if you \/ as a customer get a reaction ( for example customer name and service date, batch code, empty package). If you \/ as a customer wear contact lenses and the product gets in your eye, take out the contact lens and then immediately wash with lukewarm water and contact a doctor. Do not breathe in or consume the product. Avoid unessecarry skin contact. Do not use it if you have colored with henna or metallic colour. Remove all metallic objects before coloring and do not use them during the process. Do never use metal objects.&nbsp;<\/p><p><strong>PRELIMINARY SENSITIVITY TEST<\/strong>&nbsp;: To do a sensitivity test, prepare a cotton stopper, a colour bowl and a spoon and continue with the following: (1) To open the product take off the lid and turn the tube upsidown. Hold the tube without squeezing and push the pointy end through the metal seal and keep it away from your face and body. (2) Mix one part colour creme and one and a half part activator (remember to only use a little bit for the test). For the super lift series, you mix one part colour creme with two parts activator. (3) Close the activator and tube with their lids. (4) Applicate a small dose of the colour mix with the cotton stopper in the arm fold or behind the ear and let it sit for 35 minutes. Take off with a towel, to not wash the area for 48 hours. If you do not get any reactions (raches itching or redness) for the following 48 hours you can use the product in your hair. IMPORTANT: if the client after application feels itching or redness, wash immediately.&nbsp;<\/p><div class=\"wp-block-columns textmedia is-layout-flex wp-container-core-columns-is-layout-10 wp-block-columns-is-layout-flex\"><div class=\"wp-block-column is-layout-flow wp-block-column-is-layout-flow\"><\/div>\n\n<div class=\"wp-block-column is-layout-flow wp-block-column-is-layout-flow\"><\/div>\n\n<div class=\"wp-block-column is-layout-flow wp-block-column-is-layout-flow\"><\/div><\/div>","protected":false},"excerpt":{"rendered":"<p>GET THE LOOK Pearl Blond L\u00c4S MER GET THE LOOK Nougat brown L\u00c4S MER GET THE LOOK Chocolate brown L\u00c4S MER INSTRUKTIONER:&nbsp; Olika val av&nbsp;Activator&nbsp;Emulsion Cream: 5 vol.\u00a0(1.5%) \u2013\u00a0F\u00f6r\u00a0m\u00f6rkare med [&hellip;]<\/p>","protected":false},"author":2,"featured_media":0,"parent":0,"menu_order":0,"comment_status":"closed","ping_status":"closed","template":"","meta":{"footnotes":""},"class_list":["post-54","page","type-page","status-publish","hentry"],"_links":{"self":[{"href":"https:\/\/octoberstockholm.itrak.se\/en_us\/wp-json\/wp\/v2\/pages\/54"}],"collection":[{"href":"https:\/\/octoberstockholm.itrak.se\/en_us\/wp-json\/wp\/v2\/pages"}],"about":[{"href":"https:\/\/octoberstockholm.itrak.se\/en_us\/wp-json\/wp\/v2\/types\/page"}],"author":[{"embeddable":true,"href":"https:\/\/octoberstockholm.itrak.se\/en_us\/wp-json\/wp\/v2\/users\/2"}],"replies":[{"embeddable":true,"href":"https:\/\/octoberstockholm.itrak.se\/en_us\/wp-json\/wp\/v2\/comments?post=54"}],"version-history":[{"count":0,"href":"https:\/\/octoberstockholm.itrak.se\/en_us\/wp-json\/wp\/v2\/pages\/54\/revisions"}],"wp:attachment":[{"href":"https:\/\/octoberstockholm.itrak.se\/en_us\/wp-json\/wp\/v2\/media?parent=54"}],"curies":[{"name":"wp","href":"https:\/\/api.w.org\/{rel}","templated":true}]}}