{"id":128,"date":"2022-09-22T12:06:04","date_gmt":"2022-09-22T12:06:04","guid":{"rendered":"https:\/\/octoberstockholm.itrak.se\/?post_type=product&#038;p=128"},"modified":"2024-10-08T18:02:44","modified_gmt":"2024-10-08T18:02:44","slug":"1-black","status":"publish","type":"product","link":"https:\/\/octoberstockholm.itrak.se\/en_us\/produkter\/harfarg\/1-black\/","title":{"rendered":"1 Black"},"content":{"rendered":"<p>True Colour has different 2 activators to reach the best result:<\/p><p>5 vol. For toning<br>20 vol. For permanent colour and grey hair coverage<\/p><p>Ceramide A2 hj\u00e4lper till att \u00e5terst\u00e4lla fukten i h\u00e5ret samtidigt som den lyfter och l\u00e5ngvarigt bevarar f\u00e4rgens nyans och glans. Den st\u00e4rker ocks\u00e5 h\u00e5ret. Macadamiaolja \u00e4r en \u00e5teruppbyggande olja som ocks\u00e5 \u00e5terfuktar h\u00e5ret och ger n\u00e4ring p\u00e5 djupet. Den hj\u00e4lper ocks\u00e5 till att reda ut ostyrigt h\u00e5r och motverkar frissighet s\u00e5 h\u00e5ret blir smidigt och glansigt. Tranb\u00e4r \u00e4r rikligt p\u00e5 antioxidanter som hj\u00e4lper att skydda ditt h\u00e5r mot fria radikaler som kan orsaka skador.<\/p><p>Root colour: Mix desired amount in a plastic bowl with a brush, you need about 50 ml colour mass for roots and half a bottle activator. When you are finished close the tube and bottle for re-use. Open bottle\/ tube has 12 months of durability.<\/p><p>With True Colours 41 different tones you have unlimited colour combinations and you can easily make your own colour by mixing different tones.<\/p><p>Do you need help? - Call our free hair support for help to reach salon hair at home, or scan the QR-code to get to our website with more information, and instructions. Colour wheel and instructing videos when you colour your hair - everything about how you use our hair colour.<\/p><p>True Colour from October Stockholm contains 100 ml hairclour (colour mass) and 150 ml activator (toner or permanent).<\/p><p>IMPORTANT! - You need a plastic bowl and brush to mix and applicate the colour and a scale for mesuring the correct amount.<br>If you do not have it - We recommend our October Stockholm hair colour kit - a practical toiletry bag with tools for an easy application (plastic bowl, brush, comb and 2 hair clips).<\/p><p>Sustainability and the environment are important to us! - Help us through re-use of our hair colour every time.<\/p><p>* 100% veganprodukter inneh\u00e5ller inte animaliska ingredienser, animaliska biprodukter eller andra animaliska ingredienser, inklusive bivax och honung.<\/p>","protected":false},"excerpt":{"rendered":"<p><span style=\"font-weight: 400;\">En neutral f\u00e4rg med en bl\u00e5 bas. Om du vill tona h\u00e5ret ska du anv\u00e4nda Activator 5 vol. Vill du ist\u00e4llet t\u00e4cka gr\u00e5tt h\u00e5r eller ljusa upp of\u00e4rgat h\u00e5r en till tv\u00e5 nyanser ska du v\u00e4lja Activator 20 vol. Om du vill f\u00e4rga in f\u00e4rgen, d\u00e5 kan du blanda dessa aktivator lika delar som d\u00e5 blir 10 vol.<\/span><\/p>\n<p><span style=\"font-weight: 400;\">True Colour fr\u00e5n October Stockholm \u00e4r en professionell h\u00e5rf\u00e4rg som ger l\u00e5ngvarigt resultat, alla f\u00e4rger \u00e4r m\u00f6jliga att blanda med varandra. F\u00e4rgen reflekterar ljus maximalt f\u00f6r lyster, glans och briljans och \u00e4r berikad med Ceramide A2, Macadamiaolja samt Tranb\u00e4r och \u00e4r 100% vegan* ingredienser. <\/span><\/p>","protected":false},"featured_media":41689,"template":"","meta":[],"product_cat":[33],"product_tag":[],"class_list":{"0":"post-128","1":"product","2":"type-product","3":"status-publish","4":"has-post-thumbnail","6":"product_cat-harfarg","7":"pa_fargkod-101","9":"first","10":"instock","11":"taxable","12":"shipping-taxable","13":"purchasable","14":"product-type-variable"},"shsp-ext":{"main":{},"variations":[]},"_links":{"self":[{"href":"https:\/\/octoberstockholm.itrak.se\/en_us\/wp-json\/wp\/v2\/product\/128"}],"collection":[{"href":"https:\/\/octoberstockholm.itrak.se\/en_us\/wp-json\/wp\/v2\/product"}],"about":[{"href":"https:\/\/octoberstockholm.itrak.se\/en_us\/wp-json\/wp\/v2\/types\/product"}],"wp:featuredmedia":[{"embeddable":true,"href":"https:\/\/octoberstockholm.itrak.se\/en_us\/wp-json\/wp\/v2\/media\/41689"}],"wp:attachment":[{"href":"https:\/\/octoberstockholm.itrak.se\/en_us\/wp-json\/wp\/v2\/media?parent=128"}],"wp:term":[{"taxonomy":"product_cat","embeddable":true,"href":"https:\/\/octoberstockholm.itrak.se\/en_us\/wp-json\/wp\/v2\/product_cat?post=128"},{"taxonomy":"product_tag","embeddable":true,"href":"https:\/\/octoberstockholm.itrak.se\/en_us\/wp-json\/wp\/v2\/product_tag?post=128"}],"curies":[{"name":"wp","href":"https:\/\/api.w.org\/{rel}","templated":true}]}}