{"id":1714,"date":"2022-10-24T12:51:31","date_gmt":"2022-10-24T12:51:31","guid":{"rendered":"https:\/\/octoberstockholm.itrak.se\/?post_type=product&#038;p=1714"},"modified":"2024-10-20T17:09:47","modified_gmt":"2024-10-20T17:09:47","slug":"5-5-light-mahogony-brown","status":"publish","type":"product","link":"https:\/\/octoberstockholm.itrak.se\/en_us\/produkter\/harfarg\/5-5-light-mahogony-brown\/","title":{"rendered":"5.5 LIGHT MAHOGONY BROWN"},"content":{"rendered":"<p>Du kan v\u00e4lja mellan tv\u00e5 olika v\u00e4teperoxider f\u00f6r att f\u00e5 det resultat du vill uppn\u00e5 med din f\u00e4rgning:<br>\u2013 5 vol. anv\u00e4nds f\u00f6r toning<br>\u2013 20 vol. anv\u00e4nds f\u00f6r permanent f\u00e4rg och gr\u00e5h\u00e5rst\u00e4ckning<\/p><p>True Colour from October Stockholm contains 100 ml hairclour (colour mass) and 150 ml activator (toner or permanent).<\/p><p>ANV\u00c4NDNING:<br>Bottenf\u00e4rgning: Blanda \u00f6nskad m\u00e4ngd i en plastsk\u00e5l med en pensel. Det g\u00e5r \u00e5t cirka 50 ml f\u00e4rgmassa f\u00f6r en bottenf\u00e4rg och en halv flaska v\u00e4teperoxid. N\u00e4r du blandar klart, f\u00f6rslut tuben och v\u00e4teperoxidflaskan f\u00f6r att anv\u00e4nda till n\u00e4sta g\u00e5ng. \u00d6ppen tub\/flaska har minst 12 m\u00e5naders h\u00e5llbarhet.<\/p><p>Med True Colours 74 olika f\u00e4rgnyanser ges o\u00e4ndligt med kombinationer d\u00e4r du kan skapa egna recept genom att blanda olika nyanser.<\/p><p>Du beh\u00f6ver plastsk\u00e5l och pensel f\u00f6r att blanda och applicera f\u00e4rgen samt en v\u00e5g f\u00f6r att v\u00e4ga upp korrekt m\u00e4ngd.<\/p><p>Om du inte har det s\u00e5 rekommenderar vi&nbsp;<a href=\"https:\/\/octoberstockholm.itrak.se\/en_us\/produkt\/hair-colour-kit\/\">October Stockholm H\u00e5rf\u00e4rgskit<\/a>&nbsp;\u2013 en praktisk necess\u00e4r som inneh\u00e5ller allt du beh\u00f6ver f\u00f6r en lyckad h\u00e5rf\u00e4rgning (plastsk\u00e5l, pensel, pinnkam och tv\u00e5 h\u00e5rclips)<\/p><p>Beh\u00f6ver du hj\u00e4lp?<br>Prata med v\u00e5r kostnadsfria h\u00e5rf\u00e4rgssupport som hj\u00e4lper dig att n\u00e5 ett salongsn\u00e4ra resultat. Du kan \u00e4ven bes\u00f6ka v\u00e5r&nbsp;<a href=\"https:\/\/octoberstockholm.itrak.se\/en_us\/truecolour\/\">True Colour-sida<\/a>, d\u00e4r finns en m\u00e4ngd information, instruktioner, f\u00e4rgkartor samt enkla instruktionsfilmer hur f\u00e4rgar ditt h\u00e5r \u2013 allt f\u00f6r att du skall lyckas n\u00e4r du anv\u00e4nder v\u00e5r h\u00e5rf\u00e4rg.<\/p><p>F\u00f6r oss \u00e4r h\u00e5llbarhet och milj\u00f6 viktigt. \u00c5teranv\u00e4nd g\u00e4rna den f\u00e4rg som blir \u00f6ver varje g\u00e5ng du f\u00e4rgar h\u00e5ret hemma.<\/p>","protected":false},"excerpt":{"rendered":"<p>True Colour fr\u00e5n October Stockholm \u00e4r en professionell permanent h\u00e5rf\u00e4rg som ger ett l\u00e5ngvarigt resultat, t\u00e4cker gr\u00e5a h\u00e5rstr\u00e5n upp till 70% och ger mycket glans. F\u00e4rgen reflekterar ljus och ger d\u00e4rf\u00f6r maximal lyster. H\u00e5rf\u00e4rgen \u00e4r berikad med Ceramide A2, Macadamiaolja samt Tranb\u00e4r och \u00e4r producerad av 100% veganska* ingredienser. <strong>Ceramide A2<\/strong>\u00a0helps to moisturize the hair while preserving the shade and shine of the color and strengthening the hair. <strong>Macadamia oil<\/strong>\u00a0\u00e4r en \u00e5teruppbyggande olja som \u00e5terfuktar h\u00e5ret och ger h\u00e5ret n\u00e4ring p\u00e5 djupet. Den hj\u00e4lper \u00e4ven till att motverka frissighet och g\u00f6r h\u00e5ret smidigt och glansigt. <strong>Cranberries<\/strong>\u00a0\u00e4r rika p\u00e5 antioxidanter och skyddar ditt h\u00e5r mot fria radikaler som kan orsaka skador. *V\u00e5ra h\u00e5rf\u00e4rger \u00e4r 100% veganska, vilket inneb\u00e4r att de inte inneh\u00e5ller animaliska ingredienser, animaliska biprodukter eller andra animaliska ingredienser, inklusive bivax och honung.<\/p>","protected":false},"featured_media":41697,"template":"","meta":[],"product_cat":[33],"product_tag":[],"class_list":{"0":"post-1714","1":"product","2":"type-product","3":"status-publish","4":"has-post-thumbnail","6":"product_cat-harfarg","8":"first","9":"instock","10":"taxable","11":"shipping-taxable","12":"purchasable","13":"product-type-variable"},"shsp-ext":{"main":{},"variations":[]},"_links":{"self":[{"href":"https:\/\/octoberstockholm.itrak.se\/en_us\/wp-json\/wp\/v2\/product\/1714"}],"collection":[{"href":"https:\/\/octoberstockholm.itrak.se\/en_us\/wp-json\/wp\/v2\/product"}],"about":[{"href":"https:\/\/octoberstockholm.itrak.se\/en_us\/wp-json\/wp\/v2\/types\/product"}],"wp:featuredmedia":[{"embeddable":true,"href":"https:\/\/octoberstockholm.itrak.se\/en_us\/wp-json\/wp\/v2\/media\/41697"}],"wp:attachment":[{"href":"https:\/\/octoberstockholm.itrak.se\/en_us\/wp-json\/wp\/v2\/media?parent=1714"}],"wp:term":[{"taxonomy":"product_cat","embeddable":true,"href":"https:\/\/octoberstockholm.itrak.se\/en_us\/wp-json\/wp\/v2\/product_cat?post=1714"},{"taxonomy":"product_tag","embeddable":true,"href":"https:\/\/octoberstockholm.itrak.se\/en_us\/wp-json\/wp\/v2\/product_tag?post=1714"}],"curies":[{"name":"wp","href":"https:\/\/api.w.org\/{rel}","templated":true}]}}