{"id":1733,"date":"2022-10-24T14:07:32","date_gmt":"2022-10-24T14:07:32","guid":{"rendered":"https:\/\/octoberstockholm.itrak.se\/?post_type=product&#038;p=1733"},"modified":"2024-10-08T17:25:31","modified_gmt":"2024-10-08T17:25:31","slug":"6-35-dark-warm-chocolate-blond","status":"publish","type":"product","link":"https:\/\/octoberstockholm.itrak.se\/en_us\/produkter\/harfarg\/6-35-dark-warm-chocolate-blond\/","title":{"rendered":"6.35 DARK WARM CHOCOLATE BLOND"},"content":{"rendered":"<p><span style=\"font-weight: 400;\">Du kan v\u00e4lja mellan tv\u00e5 olika v\u00e4teperoxider f\u00f6r att f\u00e5 det resultat du vill uppn\u00e5 med din f\u00e4rgning:<\/span><span style=\"font-weight: 400;\"><br><\/span><span style=\"font-weight: 400;\">&#8211; 5 vol. anv\u00e4nds f\u00f6r toning<\/span><span style=\"font-weight: 400;\"><br><\/span><span style=\"font-weight: 400;\">&#8211; 20 vol. anv\u00e4nds f\u00f6r permanent f\u00e4rg och gr\u00e5h\u00e5rst\u00e4ckning<\/span><span style=\"font-weight: 400;\"><br><\/span><span style=\"font-weight: 400;\"><br><\/span><span style=\"font-weight: 400;\">True Colour from October Stockholm contains 100 ml hairclour (colour mass) and 150 ml activator (toner or permanent).<\/span><span style=\"font-weight: 400;\"><br><\/span><span style=\"font-weight: 400;\"><br><\/span><span style=\"font-weight: 400;\">ANV\u00c4NDNING:<\/span><span style=\"font-weight: 400;\"><br><\/span><span style=\"font-weight: 400;\">Bottenf\u00e4rgning: Blanda \u00f6nskad m\u00e4ngd i en plastsk\u00e5l med en pensel. Det g\u00e5r \u00e5t cirka 50 ml f\u00e4rgmassa f\u00f6r en bottenf\u00e4rg och en halv flaska v\u00e4teperoxid. N\u00e4r du blandar klart, f\u00f6rslut tuben och v\u00e4teperoxidflaskan f\u00f6r att anv\u00e4nda till n\u00e4sta g\u00e5ng. \u00d6ppen tub\/flaska har minst 12 m\u00e5naders h\u00e5llbarhet.<\/span><span style=\"font-weight: 400;\"><br><\/span><span style=\"font-weight: 400;\"><br><\/span><span style=\"font-weight: 400;\">Med True Colours 74 olika f\u00e4rgnyanser ges o\u00e4ndligt med kombinationer d\u00e4r du kan skapa egna recept genom att blanda olika nyanser.<\/span><span style=\"font-weight: 400;\"><br><\/span><span style=\"font-weight: 400;\"><br><\/span><span style=\"font-weight: 400;\">Du beh\u00f6ver plastsk\u00e5l och pensel f\u00f6r att blanda och applicera f\u00e4rgen samt en v\u00e5g f\u00f6r att v\u00e4ga upp korrekt m\u00e4ngd.<\/span><span style=\"font-weight: 400;\"><br><\/span><span style=\"font-weight: 400;\"><br><\/span><span style=\"font-weight: 400;\">Om du inte har det s\u00e5 rekommenderar vi <\/span><a href=\"https:\/\/octoberstockholm.itrak.se\/en_us\/produkt\/hair-colour-kit\/\"><span style=\"font-weight: 400;\">October Stockholm H\u00e5rf\u00e4rgskit<\/span><\/a><span style=\"font-weight: 400;\"> \u2013 en praktisk necess\u00e4r som inneh\u00e5ller allt du beh\u00f6ver f\u00f6r en lyckad h\u00e5rf\u00e4rgning (plastsk\u00e5l, pensel, pinnkam och tv\u00e5 h\u00e5rclips)<\/span><span style=\"font-weight: 400;\"><br><\/span><span style=\"font-weight: 400;\"><br><\/span><span style=\"font-weight: 400;\">Beh\u00f6ver du hj\u00e4lp? <\/span><span style=\"font-weight: 400;\"><br><\/span><span style=\"font-weight: 400;\">Prata med v\u00e5r kostnadsfria h\u00e5rf\u00e4rgssupport som hj\u00e4lper dig att n\u00e5 ett salongsn\u00e4ra resultat. Du kan \u00e4ven bes\u00f6ka v\u00e5r <\/span><a href=\"https:\/\/octoberstockholm.itrak.se\/en_us\/truecolour\/\"><span style=\"font-weight: 400;\">True Colour-sida<\/span><\/a><span style=\"font-weight: 400;\">, d\u00e4r finns en m\u00e4ngd information, instruktioner, f\u00e4rgkartor samt enkla instruktionsfilmer hur f\u00e4rgar ditt h\u00e5r \u2013 allt f\u00f6r att du skall lyckas n\u00e4r du anv\u00e4nder v\u00e5r h\u00e5rf\u00e4rg.<\/span><span style=\"font-weight: 400;\"><br><\/span><span style=\"font-weight: 400;\"><br><\/span><span style=\"font-weight: 400;\">F\u00f6r oss \u00e4r h\u00e5llbarhet och milj\u00f6 viktigt. \u00c5teranv\u00e4nd g\u00e4rna den f\u00e4rg som blir \u00f6ver varje g\u00e5ng du f\u00e4rgar h\u00e5ret hemma.<\/span><\/p>","protected":false},"excerpt":{"rendered":"<p><span style=\"font-weight: 400;\">True Colour fr\u00e5n October Stockholm \u00e4r en professionell permanent h\u00e5rf\u00e4rg som ger ett l\u00e5ngvarigt resultat, t\u00e4cker gr\u00e5a h\u00e5rstr\u00e5n upp till 70% och ger mycket glans. F\u00e4rgen reflekterar ljus och ger d\u00e4rf\u00f6r maximal lyster. H\u00e5rf\u00e4rgen \u00e4r berikad med Ceramide A2, Macadamiaolja samt Tranb\u00e4r och \u00e4r producerad av 100% veganska* ingredienser.\u00a0<\/span> <strong>Ceramide A2<\/strong><span style=\"font-weight: 400;\"> helps to moisturize the hair while preserving the shade and shine of the color and strengthening the hair. <\/span> <strong>Macadamia oil<\/strong><span style=\"font-weight: 400;\"> \u00e4r en \u00e5teruppbyggande olja som \u00e5terfuktar h\u00e5ret och ger h\u00e5ret n\u00e4ring p\u00e5 djupet. Den hj\u00e4lper \u00e4ven till att motverka frissighet och g\u00f6r h\u00e5ret smidigt och glansigt. <\/span> <strong>Cranberries<\/strong> <span style=\"font-weight: 400;\">are rich in antioxidants and protect your hair against free radicals that can cause damage.<\/span> <span style=\"font-weight: 400;\">*Our hair colours are 100% vegan, they do not contain animal ingredients, animal by-products or other animal ingredients, including beeswax and honey.<\/span><\/p>","protected":false},"featured_media":41707,"template":"","meta":[],"product_cat":[33],"product_tag":[],"class_list":{"0":"post-1733","1":"product","2":"type-product","3":"status-publish","4":"has-post-thumbnail","6":"product_cat-harfarg","8":"first","9":"instock","10":"taxable","11":"shipping-taxable","12":"purchasable","13":"product-type-variable"},"shsp-ext":{"main":{},"variations":[]},"_links":{"self":[{"href":"https:\/\/octoberstockholm.itrak.se\/en_us\/wp-json\/wp\/v2\/product\/1733"}],"collection":[{"href":"https:\/\/octoberstockholm.itrak.se\/en_us\/wp-json\/wp\/v2\/product"}],"about":[{"href":"https:\/\/octoberstockholm.itrak.se\/en_us\/wp-json\/wp\/v2\/types\/product"}],"wp:featuredmedia":[{"embeddable":true,"href":"https:\/\/octoberstockholm.itrak.se\/en_us\/wp-json\/wp\/v2\/media\/41707"}],"wp:attachment":[{"href":"https:\/\/octoberstockholm.itrak.se\/en_us\/wp-json\/wp\/v2\/media?parent=1733"}],"wp:term":[{"taxonomy":"product_cat","embeddable":true,"href":"https:\/\/octoberstockholm.itrak.se\/en_us\/wp-json\/wp\/v2\/product_cat?post=1733"},{"taxonomy":"product_tag","embeddable":true,"href":"https:\/\/octoberstockholm.itrak.se\/en_us\/wp-json\/wp\/v2\/product_tag?post=1733"}],"curies":[{"name":"wp","href":"https:\/\/api.w.org\/{rel}","templated":true}]}}