{"id":34607,"date":"2022-12-13T15:27:53","date_gmt":"2022-12-13T15:27:53","guid":{"rendered":"https:\/\/octoberstockholm.itrak.se\/?post_type=product&#038;p=34607"},"modified":"2024-09-30T13:41:29","modified_gmt":"2024-09-30T13:41:29","slug":"colour-reboot","status":"publish","type":"product","link":"https:\/\/octoberstockholm.itrak.se\/en_us\/produkter\/harfarg\/blekning\/colour-reboot\/","title":{"rendered":"COLOUR REBOOT"},"content":{"rendered":"<p>V\u00e5r Colour Reboot kommer i pulverform och blandas med varmt vatten. Colour Reboot fungerar som en rensning av h\u00e5ret och \u00e4r perfekt f\u00f6r att ta bort metaller, orenheter eller o\u00f6nskade pigment i h\u00e5ret. Det h\u00e4r \u00e4r en produkt f\u00f6r dig som vill ljusa upp h\u00e5ret och samtidigt beh\u00e5lla h\u00e5rets kvalit\u00e9 inf\u00f6r en blekning.<\/p><p>ANV\u00c4NDNING:<\/p><p>Blanda pulvret med 180 ml varmt vatten.<\/p><p>G\u00f6r blandningen i plastsk\u00e5l och applicera blandningen efter att du tv\u00e4ttat h\u00e5ret med ett detox-schampo med s\u00e5 h\u00f6gt pH-v\u00e4rde som m\u00f6jligt (g\u00e4rna pH-v\u00e4rde 9) och l\u00e5t verka i upp till 45 minuter med plasth\u00e4tta och v\u00e4rme av en h\u00e5rf\u00f6n.<\/p><h4 class=\"wp-block-heading\"><\/h4>","protected":false},"excerpt":{"rendered":"<p><span style=\"font-weight: 400;\">V\u00e5r Colour Reboot kommer i pulverform och blandas med vatten. Den kan lyfta din permanenta h\u00e5rf\u00e4rg upp till tv\u00e5 steg. Colour Reboot \u00e4r perfekt f\u00f6r att ta bort metaller, orenheter eller o\u00f6nskade pigment i h\u00e5ret. Den \u00e4r en bra grund f\u00f6r dig som vill ljusa upp h\u00e5ret och samtidigt beh\u00e5lla h\u00e5rets kvalit\u00e9 inf\u00f6r en blekning.<\/span><\/p>","protected":false},"featured_media":37223,"template":"","meta":[],"product_cat":[87],"product_tag":[],"class_list":{"0":"post-34607","1":"product","2":"type-product","3":"status-publish","4":"has-post-thumbnail","6":"product_cat-blekning","8":"first","9":"instock","10":"taxable","11":"shipping-taxable","12":"purchasable","13":"product-type-simple"},"shsp-ext":{"main":{},"variations":[]},"_links":{"self":[{"href":"https:\/\/octoberstockholm.itrak.se\/en_us\/wp-json\/wp\/v2\/product\/34607"}],"collection":[{"href":"https:\/\/octoberstockholm.itrak.se\/en_us\/wp-json\/wp\/v2\/product"}],"about":[{"href":"https:\/\/octoberstockholm.itrak.se\/en_us\/wp-json\/wp\/v2\/types\/product"}],"wp:featuredmedia":[{"embeddable":true,"href":"https:\/\/octoberstockholm.itrak.se\/en_us\/wp-json\/wp\/v2\/media\/37223"}],"wp:attachment":[{"href":"https:\/\/octoberstockholm.itrak.se\/en_us\/wp-json\/wp\/v2\/media?parent=34607"}],"wp:term":[{"taxonomy":"product_cat","embeddable":true,"href":"https:\/\/octoberstockholm.itrak.se\/en_us\/wp-json\/wp\/v2\/product_cat?post=34607"},{"taxonomy":"product_tag","embeddable":true,"href":"https:\/\/octoberstockholm.itrak.se\/en_us\/wp-json\/wp\/v2\/product_tag?post=34607"}],"curies":[{"name":"wp","href":"https:\/\/api.w.org\/{rel}","templated":true}]}}