{"id":34608,"date":"2022-12-13T15:30:24","date_gmt":"2022-12-13T15:30:24","guid":{"rendered":"https:\/\/octoberstockholm.itrak.se\/?post_type=product&#038;p=34608"},"modified":"2024-10-20T19:32:10","modified_gmt":"2024-10-20T19:32:10","slug":"true-blond-plex","status":"publish","type":"product","link":"https:\/\/octoberstockholm.itrak.se\/en_us\/produkter\/harfarg\/blekning\/true-blond-plex\/","title":{"rendered":"TRUE BLOND PLEX"},"content":{"rendered":"<p>*Plex \u00e4r en trippelmolekyl\u00e4r proteinfylld behandling som behandlar olika lager av h\u00e5rfibern och hj\u00e4lper till att reparera och f\u00f6rst\u00e4rka skador inifr\u00e5n. Proteinsystemet \u00e4r framtaget av tre olika typer av v\u00e4xtprotein som har valts ut f\u00f6r att behandla olika delar av h\u00e5rfibern.<\/p><p>Anv\u00e4nd inte en Activator (Emulsion Cream) h\u00f6gre \u00e4n 20 vol (6 %) vid applicering direkt p\u00e5 h\u00e5rbotten. Om produkten reagerar vid anv\u00e4ndning, om den b\u00f6rjar skumma, \u00e5nga eller om blandningen blir varm, avbryt behandlingen genast genom att sk\u00f6lja h\u00e5ret med ljummet vatten och upps\u00f6k l\u00e4kare vid behov. Om du har k\u00e4nslig hud eller har upplevt allergisk reaktion vid anv\u00e4ndning av liknande produkter rekommenderar vi att prova d\u00e5 blandningen p\u00e5 en liten del av huden och v\u00e4nta i 15 minuter innan du applicerar i h\u00e5r\/h\u00e5rbotten. Om du skulle f\u00e5 en allergisk reaktion, hudirritation eller liknande ska du avbryta behandlingen. Har du utslag i ansiktet alternativt k\u00e4nslig, irriterad eller skadad h\u00e5rbotten ska du inte anv\u00e4nda produkten. Anv\u00e4nd inte produkten om du tidigare reagerat negativt p\u00e5 blekningsmedel.&nbsp;<\/p><p>Upplever du en stickande eller br\u00e4nnande k\u00e4nsla och\/eller utslag, sk\u00f6lj omedelbart och avbryt anv\u00e4ndningen eftersom det h\u00e4r kan vara en indikation p\u00e5 en allvarlig allergisk reaktion. Blek inte h\u00e5ret igen, bes\u00f6k en l\u00e4kare f\u00f6r rekommendation. F\u00e5r du snabbt spridande hudutslag, yrsel eller svimningsk\u00e4nsla, andningssv\u00e5righeter och\/eller svullnad i ansikte eller \u00f6gon, under eller efter anv\u00e4ndning sk\u00f6lj omedelbart och kontakta l\u00e4kare. Anv\u00e4nd inte produkten p\u00e5 \u00f6gonfransar, \u00f6gonbryn eller andra delar av kroppen. Produkten ska inte inandas eller f\u00f6rt\u00e4ras. Anv\u00e4nd l\u00e4mpliga handskar f\u00f6r att undvika on\u00f6dig kontakt med huden. F\u00e5r du st\u00e4nk p\u00e5 kl\u00e4der eller huden, tv\u00e4tta omedelbart. Sk\u00f6lj ur h\u00e5ret noggrant efter anv\u00e4ndning och anv\u00e4nd ej metallsk\u00e5l\/redskap vid blandning. Anv\u00e4nd inte p\u00e5 h\u00e5r som tidigare f\u00e4rgats med henna eller metallbaserad f\u00e4rg.&nbsp;<\/p><p>ANV\u00c4NDNING:<\/p><p>Vi rekommenderar att du g\u00f6r en rensning med Colour Reboot innan du genomf\u00f6r en blekning av h\u00e5ret f\u00f6r att ta bort orenheter och metaller fr\u00e5n h\u00e5ret.&nbsp;<\/p><p>Blanda pulvret med v\u00e5r v\u00e4teperoxid (Activator Emulsion Cream). V\u00e4lj&nbsp; 5 Vol f\u00f6r att \u00e5stadkomma ett steg blekare h\u00e5r och 20 Vol f\u00f6r 2-3 steg ljusare resultat.&nbsp;Du kan \u00e4ven blanda 5 Vol och 20 Vol f\u00f6r att uppn\u00e5 10 Vol. <\/p><p>Applicera blandningen i h\u00e5ret och l\u00e5t verka i 10-30 minuter. Anv\u00e4nd ingen extra v\u00e4rme f\u00f6r att p\u00e5skynda resultatet, inte heller f\u00f6r h\u00f6g Activator \u2013 detta kan orsaka skada p\u00e5 h\u00e5ret.<\/p><h4 class=\"wp-block-heading\"><\/h4>","protected":false},"excerpt":{"rendered":"<p><span style=\"font-weight: 400;\">True Blond Plex \u00e4r en professionell blekning med bl\u00e5 pigment som kommer i pulverform och blandas med v\u00e4teperoxid (Activator Emulsion Cream) 5 vol eller 20 vol. Du kan \u00e4ven blanda 5 Vol och 20 Vol f\u00f6r att uppn\u00e5 10 Vol. True Blond Plex inneh\u00e5ller b<\/span><span style=\"font-weight: 400;\">l\u00e5 pigment som reducerar gula toner som uppkommit fr\u00e5n tidigare f\u00e4rgning eller egna pigment. Blekningen kan ljusa upp ditt h\u00e5r upp till nio steg, dock beror det p\u00e5 vilka grundl\u00e4ggande pigment du har i h\u00e5ret sedan tidigare. Produkten inneh\u00e5ller Plex*, som \u00e4r ett v\u00e5rdande \u00e4mne som hj\u00e4lper till att beh\u00e5lla h\u00e5rets kvalit\u00e9. F\u00f6r att \u00e5stadkomma \u00f6nskat resultat b\u00f6r en nyansering med v\u00e5r f\u00e4rg True Colour g\u00f6ras efter blekningen. Blanda toningen med Activator 5 Vol.<\/span><\/p>\n<p><span style=\"font-weight: 400;\">Kontakta g\u00e4rna v\u00e5r Online Support innan du anv\u00e4nder produkten f\u00f6r att f\u00e5 hj\u00e4lp med att uppn\u00e5 det b\u00e4sta resultatet. V\u00e5r Online Support \u00e4r kostnadsfri f\u00f6r alla v\u00e5ra kunder.\u00a0<\/span><\/p>\n<p><span style=\"font-weight: 400;\">Om blekningen verkar l\u00e4ngre \u00e4n 45 minuter vid ett och samma tillf\u00e4lle bryter den sig in i h\u00e5rets mitt och kan f\u00f6rst\u00f6ra h\u00e5ret. Anv\u00e4nd med f\u00f6rsiktighet. Anv\u00e4nd ingen extra v\u00e4rme, s\u00e5som h\u00e5rf\u00f6n eller liknande. Om man tills\u00e4tter v\u00e4rme eller f\u00f6r h\u00f6g v\u00e4teperoxid kan blekningen orsaka stora slitningar p\u00e5 h\u00e5ret.\u00a0<\/span><\/p>\n<p><strong>Kom ih\u00e5g att addera en Activator i din varukorg n\u00e4r du k\u00f6per True Blond Plex. Du kan v\u00e4lja mellan Activator 5 Vol och 20 Vol, du kan \u00e4ven blanda de b\u00e5da f\u00f6r att skapa 10 Vol. Om du \u00e4r os\u00e4ker p\u00e5 vilken Activator du ska v\u00e4lja s\u00e5 kan du kontakta Online Support f\u00f6r kostnadsfri r\u00e5dgivning. <\/strong><\/p>\n<p><br style=\"font-weight: 400;\" \/><\/p>","protected":false},"featured_media":37222,"template":"","meta":[],"product_cat":[87],"product_tag":[],"class_list":{"0":"post-34608","1":"product","2":"type-product","3":"status-publish","4":"has-post-thumbnail","6":"product_cat-blekning","8":"first","9":"instock","10":"taxable","11":"shipping-taxable","12":"purchasable","13":"product-type-simple"},"shsp-ext":{"main":{},"variations":[]},"_links":{"self":[{"href":"https:\/\/octoberstockholm.itrak.se\/en_us\/wp-json\/wp\/v2\/product\/34608"}],"collection":[{"href":"https:\/\/octoberstockholm.itrak.se\/en_us\/wp-json\/wp\/v2\/product"}],"about":[{"href":"https:\/\/octoberstockholm.itrak.se\/en_us\/wp-json\/wp\/v2\/types\/product"}],"wp:featuredmedia":[{"embeddable":true,"href":"https:\/\/octoberstockholm.itrak.se\/en_us\/wp-json\/wp\/v2\/media\/37222"}],"wp:attachment":[{"href":"https:\/\/octoberstockholm.itrak.se\/en_us\/wp-json\/wp\/v2\/media?parent=34608"}],"wp:term":[{"taxonomy":"product_cat","embeddable":true,"href":"https:\/\/octoberstockholm.itrak.se\/en_us\/wp-json\/wp\/v2\/product_cat?post=34608"},{"taxonomy":"product_tag","embeddable":true,"href":"https:\/\/octoberstockholm.itrak.se\/en_us\/wp-json\/wp\/v2\/product_tag?post=34608"}],"curies":[{"name":"wp","href":"https:\/\/api.w.org\/{rel}","templated":true}]}}