{"id":36153,"date":"2023-07-04T12:00:53","date_gmt":"2023-07-04T12:00:53","guid":{"rendered":"https:\/\/octoberstockholm.itrak.se\/?post_type=product&#038;p=36153"},"modified":"2024-10-13T07:55:10","modified_gmt":"2024-10-13T07:55:10","slug":"12-11-special-blond-intensive-platinum","status":"publish","type":"product","link":"https:\/\/octoberstockholm.itrak.se\/en_us\/produkter\/harfarg\/12-11-special-blond-intensive-platinum\/","title":{"rendered":"12.11 SPECIAL BLOND INTENSIVE PLATINUM"},"content":{"rendered":"<p>True Colour has different 2 activators to reach the best result:<\/p><p>5 vol. For toning<br>20 vol. For permanent colour and grey hair coverage<\/p><p>Root colour: Mix desired amount in a plastic bowl with a brush, you need about 50 ml colour mass for roots and half a bottle activator. When you are finished close the tube and bottle for re-use. Open bottle\/ tube has 12 months of durability.<\/p><p>With True Colours 41 different tones you have unlimited colour combinations and you can easily make your own colour by mixing different tones.<\/p><p>Do you need help? - Call our free hair support for help to reach salon hair at home, or scan the QR-code to get to our website with more information, and instructions. Colour wheel and instructing videos when you colour your hair - everything about how you use our hair colour.<\/p><p>True Colour from October Stockholm contains 100 ml hairclour (colour mass) and 150 ml activator (toner or permanent).<\/p><p>IMPORTANT! - You need a plastic bowl and brush to mix and applicate the colour and a scale for mesuring the correct amount.<br>If you do not have it - We recommend our October Stockholm hair colour kit - a practical toiletry bag with tools for an easy application (plastic bowl, brush, comb and 2 hair clips).<\/p><p>Sustainability and the environment are important to us! - Help us through re-use of our hair colour every time.<\/p><p>100% vegan products do not contain animal ingredients, animal bi-products or other animal ingredients including bee wax and honey.<\/p>","protected":false},"excerpt":{"rendered":"<p><span style=\"font-weight: 400;\">H\u00e5rf\u00e4rgerna som g\u00e5r under <\/span><i><span style=\"font-weight: 400;\">ash neutral<\/span><\/i><span style=\"font-weight: 400;\"> \u00e4r baserade p\u00e5 kalla toner med askiga pigment. Den h\u00e4r h\u00e5rf\u00e4rgen ska du v\u00e4lja om du vill neutralisera r\u00f6d\/orangea pigment i h\u00e5ret.\u00a0<\/span> <span style=\"font-weight: 400;\">Ju l\u00e4gre nummer h\u00e5rf\u00e4rgen har desto ljusare \u00e4r den, ett h\u00f6gt nummer inneb\u00e4r en m\u00f6rkare f\u00e4rg. Om du vill tona h\u00e5ret ska du anv\u00e4nda Activator 5 vol. Vill du ist\u00e4llet t\u00e4cka gr\u00e5tt h\u00e5r eller ljusa upp of\u00e4rgat h\u00e5r en till tv\u00e5 nyanser ska du v\u00e4lja Activator 20 vol.<\/span> True Color from October Stockholm is a professional permanent hair color that gives long-lasting results, effectively covers gray hairs (up to 70%) and gives a lot of shine. The color reflects light maximally for shine and brilliance and is enriched with Ceramide A2, Macadamia oil and Cranberry and is 100% vegan* ingredients. <strong>Ceramide A2<\/strong>\u00a0helps to restore moisture to the hair and preserve the colour and tone with a long-lasting result that strengthens the hair. <strong>Macadamia oil<\/strong>\u00a0is a repairing oil that brings back in-depth moisture and nutrition. It is also detangling and prevents friss to make the hair smooth and shiny. <strong>Cranberries<\/strong>\u00a0is ample in antioxidants that help to protect your hair from free radicals that can cause damage.<\/p>","protected":false},"featured_media":41752,"template":"","meta":[],"product_cat":[33],"product_tag":[],"class_list":{"0":"post-36153","1":"product","2":"type-product","3":"status-publish","4":"has-post-thumbnail","6":"product_cat-harfarg","8":"first","9":"instock","10":"taxable","11":"shipping-taxable","12":"purchasable","13":"product-type-variable"},"shsp-ext":{"main":{},"variations":[]},"_links":{"self":[{"href":"https:\/\/octoberstockholm.itrak.se\/en_us\/wp-json\/wp\/v2\/product\/36153"}],"collection":[{"href":"https:\/\/octoberstockholm.itrak.se\/en_us\/wp-json\/wp\/v2\/product"}],"about":[{"href":"https:\/\/octoberstockholm.itrak.se\/en_us\/wp-json\/wp\/v2\/types\/product"}],"wp:featuredmedia":[{"embeddable":true,"href":"https:\/\/octoberstockholm.itrak.se\/en_us\/wp-json\/wp\/v2\/media\/41752"}],"wp:attachment":[{"href":"https:\/\/octoberstockholm.itrak.se\/en_us\/wp-json\/wp\/v2\/media?parent=36153"}],"wp:term":[{"taxonomy":"product_cat","embeddable":true,"href":"https:\/\/octoberstockholm.itrak.se\/en_us\/wp-json\/wp\/v2\/product_cat?post=36153"},{"taxonomy":"product_tag","embeddable":true,"href":"https:\/\/octoberstockholm.itrak.se\/en_us\/wp-json\/wp\/v2\/product_tag?post=36153"}],"curies":[{"name":"wp","href":"https:\/\/api.w.org\/{rel}","templated":true}]}}